{"id":73,"date":"2018-03-02T13:34:24","date_gmt":"2018-03-02T16:34:24","guid":{"rendered":"https:\/\/www.meliore.com.br\/novosite\/?page_id=73"},"modified":"2018-03-02T13:34:24","modified_gmt":"2018-03-02T16:34:24","slug":"workshops-e-palestras","status":"publish","type":"page","link":"https:\/\/www.meliore.com.br\/novosite\/servicos\/workshops-e-palestras\/","title":{"rendered":"Workshops e Palestras"},"content":{"rendered":"<section class=\"l-section wpb_row height_medium\"><div class=\"l-section-h i-cf\"><div class=\"g-cols vc_row type_default valign_top\"><div class=\"vc_col-sm-12 wpb_column vc_column_container\"><div class=\"vc_column-inner\"><div class=\"wpb_wrapper\">\r\n\t<div class=\"wpb_text_column \">\r\n\t\t<div class=\"wpb_wrapper\">\r\n\t\t\t<h4 style=\"text-align: center;\">Contamos uma gama de Treinamentos, Cursos e Palestras alinhados \u00e0s mudan\u00e7as constantes na t\u00e9cnica e na legisla\u00e7\u00e3o.<\/h4>\n\r\n\t\t<\/div>\r\n\t<\/div>\r\n<\/div><\/div><\/div><\/div><\/div><\/section><section class=\"l-section wpb_row height_small\"><div class=\"l-section-h i-cf\"><div class=\"g-cols vc_row type_default valign_top\"><div class=\"vc_col-sm-3 wpb_column vc_column_container\"><div class=\"vc_column-inner\"><div class=\"wpb_wrapper\">\r\n\t<div class=\"wpb_text_column \">\r\n\t\t<div class=\"wpb_wrapper\">\r\n\t\t\t<h5>Nossos Servi\u00e7os<\/h5>\n\r\n\t\t<\/div>\r\n\t<\/div>\r\n<div class=\"vc_wp_custommenu  layout_ver align_left\"><div class=\"widget widget_nav_menu\"><div class=\"menu-servicos-container\"><ul id=\"menu-servicos\" class=\"menu\"><li id=\"menu-item-63\" class=\"menu-item menu-item-type-post_type menu-item-object-page menu-item-63\"><a href=\"https:\/\/www.meliore.com.br\/novosite\/servicos\/regularizacao-sanitaria-de-empresas-anvisa-visa\/\">Regulariza\u00e7\u00e3o Sanit\u00e1ria de Empresas (ANVISA\/VISA)<\/a><\/li>\n<li id=\"menu-item-80\" class=\"menu-item menu-item-type-post_type menu-item-object-page menu-item-80\"><a href=\"https:\/\/www.meliore.com.br\/novosite\/servicos\/regularizacao-sanitaria-de-produtos-anvisa\/\">Regulariza\u00e7\u00e3o Sanit\u00e1ria de Produtos (ANVISA)<\/a><\/li>\n<li id=\"menu-item-79\" class=\"menu-item menu-item-type-post_type menu-item-object-page menu-item-79\"><a href=\"https:\/\/www.meliore.com.br\/novosite\/servicos\/sistema-da-qualidade-boas-praticas-de-fabricacao-distribuicao-transporte-bpx\/\">Sistema da Qualidade \u2013 Boas Pr\u00e1ticas de Fabrica\u00e7\u00e3o \/ Distribui\u00e7\u00e3o \/ Transporte (BPx)<\/a><\/li>\n<li id=\"menu-item-78\" class=\"menu-item menu-item-type-post_type menu-item-object-page menu-item-78\"><a href=\"https:\/\/www.meliore.com.br\/novosite\/servicos\/workshops-e-palestras\/\">Workshops e Palestras<\/a><\/li>\n<\/ul><\/div><\/div><\/div><\/div><\/div><\/div><div class=\"vc_col-sm-9 wpb_column vc_column_container\"><div class=\"vc_column-inner\"><div class=\"wpb_wrapper\">\r\n\t<div class=\"wpb_text_column \">\r\n\t\t<div class=\"wpb_wrapper\">\r\n\t\t\t<p>Tendo em vista nossa Miss\u00e3o de auxiliar as empresas, criamos a Academia Meliore \u2013 nosso bra\u00e7o educacional, voltado \u00e0 capacita\u00e7\u00e3o dos profissionais para atuar como Respons\u00e1veis T\u00e9cnicos e para o desenvolvimento de atividades espec\u00edficas relacionadas \u00e0 Qualidade e \u00e0s Boas Pr\u00e1ticas de Fabrica\u00e7\u00e3o.<\/p>\n<p>Nas atividades <em>In Company<\/em>, preparamos o conte\u00fado de forma espec\u00edfica para a realidade da empresa e seus colaboradores.<\/p>\n<p>Veja alguns t\u00f3picos em que podemos atend\u00ea-lo, mas n\u00e3o deixe de nos consultar para outros temas:<\/p>\n<ul>\n<li>Gest\u00e3o da Qualidade;<\/li>\n<li>Boas Pr\u00e1ticas de Fabrica\u00e7\u00e3o \/ Distribui\u00e7\u00e3o \/ Transporte (BPx);\n<ul>\n<li>RDC 16\/2013 (Produtos para Sa\u00fade);<\/li>\n<li>RDC 17\/2013 (Medicamentos);<\/li>\n<li>RDC 47\/2013 (Saneantes);<\/li>\n<li>RDC 48\/2013 (Cosm\u00e9ticos);<\/li>\n<li>RDC 275\/2002 (Alimentos);<\/li>\n<\/ul>\n<\/li>\n<li>Gerenciamento de Documentos;<\/li>\n<li>Valida\u00e7\u00e3o de Processos;<\/li>\n<li>Valida\u00e7\u00e3o de Limpeza;<\/li>\n<li>Valida\u00e7\u00e3o de Sistemas Computadorizados;<\/li>\n<li>Valida\u00e7\u00e3o de Sistema de \u00c1gua;<\/li>\n<li>Qualifica\u00e7\u00e3o de Equipamentos;<\/li>\n<li>Revis\u00e3o Peri\u00f3dica de Produto;<\/li>\n<li>Qualifica\u00e7\u00e3o de Fornecedores;<\/li>\n<li>Autoinspe\u00e7\u00e3o\/Auditorias da Qualidade (Internas e Externas);<\/li>\n<li>Programa 5S;<\/li>\n<li>entre outros&#8230;<\/li>\n<\/ul>\n\r\n\t\t<\/div>\r\n\t<\/div>\r\n<\/div><\/div><\/div><\/div><\/div><\/section>\n","protected":false},"excerpt":{"rendered":"Contamos uma gama de Treinamentos, Cursos e Palestras alinhados \u00e0s mudan\u00e7as constantes na t\u00e9cnica e na legisla\u00e7\u00e3o. Nossos Servi\u00e7os Regulariza\u00e7\u00e3o Sanit\u00e1ria de Empresas (ANVISA\/VISA) Regulariza\u00e7\u00e3o Sanit\u00e1ria de Produtos (ANVISA) Sistema da Qualidade \u2013 Boas Pr\u00e1ticas de Fabrica\u00e7\u00e3o \/ Distribui\u00e7\u00e3o \/ Transporte (BPx) Workshops e Palestras Tendo em vista nossa Miss\u00e3o de auxiliar as empresas, criamos...","protected":false},"author":1,"featured_media":0,"parent":55,"menu_order":0,"comment_status":"closed","ping_status":"closed","template":"","meta":[],"yoast_head":"<!-- This site is optimized with the Yoast SEO plugin v17.1 - https:\/\/yoast.com\/wordpress\/plugins\/seo\/ -->\n<title>Workshops e Palestras - Meliore<\/title>\n<meta name=\"robots\" content=\"index, follow, max-snippet:-1, max-image-preview:large, max-video-preview:-1\" \/>\n<link rel=\"canonical\" href=\"https:\/\/www.meliore.com.br\/novosite\/servicos\/workshops-e-palestras\/\" \/>\n<meta property=\"og:locale\" content=\"pt_BR\" \/>\n<meta property=\"og:type\" content=\"article\" \/>\n<meta property=\"og:title\" content=\"Workshops e Palestras - Meliore\" \/>\n<meta property=\"og:url\" content=\"https:\/\/www.meliore.com.br\/novosite\/servicos\/workshops-e-palestras\/\" \/>\n<meta property=\"og:site_name\" content=\"Meliore\" \/>\n<meta name=\"twitter:card\" content=\"summary_large_image\" \/>\n<meta name=\"twitter:label1\" content=\"Est. tempo de leitura\" \/>\n\t<meta name=\"twitter:data1\" content=\"1 minuto\" \/>\n<script type=\"application\/ld+json\" class=\"yoast-schema-graph\">{\"@context\":\"https:\/\/schema.org\",\"@graph\":[{\"@type\":\"WebSite\",\"@id\":\"https:\/\/www.meliore.com.br\/novosite\/#website\",\"url\":\"https:\/\/www.meliore.com.br\/novosite\/\",\"name\":\"Meliore\",\"description\":\"\",\"potentialAction\":[{\"@type\":\"SearchAction\",\"target\":{\"@type\":\"EntryPoint\",\"urlTemplate\":\"https:\/\/www.meliore.com.br\/novosite\/?s={search_term_string}\"},\"query-input\":\"required name=search_term_string\"}],\"inLanguage\":\"pt-BR\"},{\"@type\":\"WebPage\",\"@id\":\"https:\/\/www.meliore.com.br\/novosite\/servicos\/workshops-e-palestras\/#webpage\",\"url\":\"https:\/\/www.meliore.com.br\/novosite\/servicos\/workshops-e-palestras\/\",\"name\":\"Workshops e Palestras - Meliore\",\"isPartOf\":{\"@id\":\"https:\/\/www.meliore.com.br\/novosite\/#website\"},\"datePublished\":\"2018-03-02T16:34:24+00:00\",\"dateModified\":\"2018-03-02T16:34:24+00:00\",\"breadcrumb\":{\"@id\":\"https:\/\/www.meliore.com.br\/novosite\/servicos\/workshops-e-palestras\/#breadcrumb\"},\"inLanguage\":\"pt-BR\",\"potentialAction\":[{\"@type\":\"ReadAction\",\"target\":[\"https:\/\/www.meliore.com.br\/novosite\/servicos\/workshops-e-palestras\/\"]}]},{\"@type\":\"BreadcrumbList\",\"@id\":\"https:\/\/www.meliore.com.br\/novosite\/servicos\/workshops-e-palestras\/#breadcrumb\",\"itemListElement\":[{\"@type\":\"ListItem\",\"position\":1,\"name\":\"In\\u00edcio\",\"item\":\"https:\/\/www.meliore.com.br\/novosite\/\"},{\"@type\":\"ListItem\",\"position\":2,\"name\":\"Servi\\u00e7os\",\"item\":\"https:\/\/www.meliore.com.br\/novosite\/servicos\/\"},{\"@type\":\"ListItem\",\"position\":3,\"name\":\"Workshops e Palestras\"}]}]}<\/script>\n<!-- \/ Yoast SEO plugin. -->","yoast_head_json":{"title":"Workshops e Palestras - Meliore","robots":{"index":"index","follow":"follow","max-snippet":"max-snippet:-1","max-image-preview":"max-image-preview:large","max-video-preview":"max-video-preview:-1"},"canonical":"https:\/\/www.meliore.com.br\/novosite\/servicos\/workshops-e-palestras\/","og_locale":"pt_BR","og_type":"article","og_title":"Workshops e Palestras - Meliore","og_url":"https:\/\/www.meliore.com.br\/novosite\/servicos\/workshops-e-palestras\/","og_site_name":"Meliore","twitter_card":"summary_large_image","twitter_misc":{"Est. tempo de leitura":"1 minuto"},"schema":{"@context":"https:\/\/schema.org","@graph":[{"@type":"WebSite","@id":"https:\/\/www.meliore.com.br\/novosite\/#website","url":"https:\/\/www.meliore.com.br\/novosite\/","name":"Meliore","description":"","potentialAction":[{"@type":"SearchAction","target":{"@type":"EntryPoint","urlTemplate":"https:\/\/www.meliore.com.br\/novosite\/?s={search_term_string}"},"query-input":"required name=search_term_string"}],"inLanguage":"pt-BR"},{"@type":"WebPage","@id":"https:\/\/www.meliore.com.br\/novosite\/servicos\/workshops-e-palestras\/#webpage","url":"https:\/\/www.meliore.com.br\/novosite\/servicos\/workshops-e-palestras\/","name":"Workshops e Palestras - Meliore","isPartOf":{"@id":"https:\/\/www.meliore.com.br\/novosite\/#website"},"datePublished":"2018-03-02T16:34:24+00:00","dateModified":"2018-03-02T16:34:24+00:00","breadcrumb":{"@id":"https:\/\/www.meliore.com.br\/novosite\/servicos\/workshops-e-palestras\/#breadcrumb"},"inLanguage":"pt-BR","potentialAction":[{"@type":"ReadAction","target":["https:\/\/www.meliore.com.br\/novosite\/servicos\/workshops-e-palestras\/"]}]},{"@type":"BreadcrumbList","@id":"https:\/\/www.meliore.com.br\/novosite\/servicos\/workshops-e-palestras\/#breadcrumb","itemListElement":[{"@type":"ListItem","position":1,"name":"In\u00edcio","item":"https:\/\/www.meliore.com.br\/novosite\/"},{"@type":"ListItem","position":2,"name":"Servi\u00e7os","item":"https:\/\/www.meliore.com.br\/novosite\/servicos\/"},{"@type":"ListItem","position":3,"name":"Workshops e Palestras"}]}]}},"_links":{"self":[{"href":"https:\/\/www.meliore.com.br\/novosite\/wp-json\/wp\/v2\/pages\/73"}],"collection":[{"href":"https:\/\/www.meliore.com.br\/novosite\/wp-json\/wp\/v2\/pages"}],"about":[{"href":"https:\/\/www.meliore.com.br\/novosite\/wp-json\/wp\/v2\/types\/page"}],"author":[{"embeddable":true,"href":"https:\/\/www.meliore.com.br\/novosite\/wp-json\/wp\/v2\/users\/1"}],"replies":[{"embeddable":true,"href":"https:\/\/www.meliore.com.br\/novosite\/wp-json\/wp\/v2\/comments?post=73"}],"version-history":[{"count":1,"href":"https:\/\/www.meliore.com.br\/novosite\/wp-json\/wp\/v2\/pages\/73\/revisions"}],"predecessor-version":[{"id":74,"href":"https:\/\/www.meliore.com.br\/novosite\/wp-json\/wp\/v2\/pages\/73\/revisions\/74"}],"up":[{"embeddable":true,"href":"https:\/\/www.meliore.com.br\/novosite\/wp-json\/wp\/v2\/pages\/55"}],"wp:attachment":[{"href":"https:\/\/www.meliore.com.br\/novosite\/wp-json\/wp\/v2\/media?parent=73"}],"curies":[{"name":"wp","href":"https:\/\/api.w.org\/{rel}","templated":true}]}}