{"id":71,"date":"2018-03-02T13:32:34","date_gmt":"2018-03-02T16:32:34","guid":{"rendered":"https:\/\/www.meliore.com.br\/novosite\/?page_id=71"},"modified":"2021-09-13T09:40:02","modified_gmt":"2021-09-13T12:40:02","slug":"sistema-da-qualidade-boas-praticas-de-fabricacao-distribuicao-transporte-bpx","status":"publish","type":"page","link":"https:\/\/www.meliore.com.br\/novosite\/servicos\/sistema-da-qualidade-boas-praticas-de-fabricacao-distribuicao-transporte-bpx\/","title":{"rendered":"Sistema da Qualidade &#8211; Boas Pr\u00e1ticas de Fabrica\u00e7\u00e3o \/ Distribui\u00e7\u00e3o \/ Transporte (BPx)"},"content":{"rendered":"<section class=\"l-section wpb_row height_medium\"><div class=\"l-section-h i-cf\"><div class=\"g-cols vc_row type_default valign_top\"><div class=\"vc_col-sm-12 wpb_column vc_column_container\"><div class=\"vc_column-inner\"><div class=\"wpb_wrapper\">\r\n\t<div class=\"wpb_text_column \">\r\n\t\t<div class=\"wpb_wrapper\">\r\n\t\t\t<h4 style=\"text-align: center;\">Desenvolvimento \u2022\u00a0Implanta\u00e7\u00e3o \u2022\u00a0Aprimoramento \u2022\u00a0Programa de Melhoria Cont\u00ednua<\/h4>\n\r\n\t\t<\/div>\r\n\t<\/div>\r\n<\/div><\/div><\/div><\/div><\/div><\/section><section class=\"l-section wpb_row height_small\"><div class=\"l-section-h i-cf\"><div class=\"g-cols vc_row type_default valign_top\"><div class=\"vc_col-sm-3 wpb_column vc_column_container\"><div class=\"vc_column-inner\"><div class=\"wpb_wrapper\">\r\n\t<div class=\"wpb_text_column \">\r\n\t\t<div class=\"wpb_wrapper\">\r\n\t\t\t<h5>Nossos Servi\u00e7os<\/h5>\n\r\n\t\t<\/div>\r\n\t<\/div>\r\n<div class=\"vc_wp_custommenu  layout_ver align_left\"><div class=\"widget widget_nav_menu\"><div class=\"menu-servicos-container\"><ul id=\"menu-servicos\" class=\"menu\"><li id=\"menu-item-63\" class=\"menu-item menu-item-type-post_type menu-item-object-page menu-item-63\"><a href=\"https:\/\/www.meliore.com.br\/novosite\/servicos\/regularizacao-sanitaria-de-empresas-anvisa-visa\/\">Regulariza\u00e7\u00e3o Sanit\u00e1ria de Empresas (ANVISA\/VISA)<\/a><\/li>\n<li id=\"menu-item-80\" class=\"menu-item menu-item-type-post_type menu-item-object-page menu-item-80\"><a href=\"https:\/\/www.meliore.com.br\/novosite\/servicos\/regularizacao-sanitaria-de-produtos-anvisa\/\">Regulariza\u00e7\u00e3o Sanit\u00e1ria de Produtos (ANVISA)<\/a><\/li>\n<li id=\"menu-item-79\" class=\"menu-item menu-item-type-post_type menu-item-object-page menu-item-79\"><a href=\"https:\/\/www.meliore.com.br\/novosite\/servicos\/sistema-da-qualidade-boas-praticas-de-fabricacao-distribuicao-transporte-bpx\/\">Sistema da Qualidade \u2013 Boas Pr\u00e1ticas de Fabrica\u00e7\u00e3o \/ Distribui\u00e7\u00e3o \/ Transporte (BPx)<\/a><\/li>\n<li id=\"menu-item-78\" class=\"menu-item menu-item-type-post_type menu-item-object-page menu-item-78\"><a href=\"https:\/\/www.meliore.com.br\/novosite\/servicos\/workshops-e-palestras\/\">Workshops e Palestras<\/a><\/li>\n<\/ul><\/div><\/div><\/div><\/div><\/div><\/div><div class=\"vc_col-sm-9 wpb_column vc_column_container\"><div class=\"vc_column-inner\"><div class=\"wpb_wrapper\">\r\n\t<div class=\"wpb_text_column \">\r\n\t\t<div class=\"wpb_wrapper\">\r\n\t\t\t<p>Cada empresa tem suas particularidades e realidade que a tornam \u00fanica. Por esse motivo, um bom servi\u00e7o de Consultoria n\u00e3o deve ser gen\u00e9rico, e sim trazer um especialista na mat\u00e9ria.<\/p>\n<p>O consultor deve ser capaz de ouvir o cliente, reconhecer o cen\u00e1rio que se apresenta e, rapidamente, oferecer as medidas mais aconselh\u00e1veis e realistas &#8211; sempre colaborativamente.<\/p>\n<p>Aqui na Meliore, n\u00f3s desenvolvemos, em conjunto com o cliente um Sistema da Qualidade exclusivo para atender \u00e0s necessidades espec\u00edficas da organiza\u00e7\u00e3o, de forma que ele se adapte \u00e0 empesa, sem deixar de lado o cumprimento das normas aplic\u00e1veis a sua \u00e1rea de atua\u00e7\u00e3o, de forma que as atividades relacionadas n\u00e3o sejam meramente te\u00f3ricas, mas realmente auxiliem no desenvolvimento do neg\u00f3cio.<\/p>\n<p>Ap\u00f3s esse desenvolvimento, apoiamos o cliente ao longo da implanta\u00e7\u00e3o das medidas planejadas. Tudo de modo disciplinado e transparente.<\/p>\n<p>Veja alguns t\u00f3picos em que oferecemos consultoria:<\/p>\n<ul>\n<li>Gest\u00e3o da Qualidade;<\/li>\n<li>Boas Pr\u00e1ticas de Fabrica\u00e7\u00e3o\/Manipula\u00e7\u00e3o (BPF);<\/li>\n<li>RDC 16\/2013 (BPF de Produtos para Sa\u00fade)<\/li>\n<li>RDC 17\/2013 (BPF de Medicamentos)<\/li>\n<li>RDC 47\/2013 (BPF de Saneantes)<\/li>\n<li>RDC 48\/2013 (BPF de Cosm\u00e9ticos)<\/li>\n<li>RDC 275\/2002 (BPF de Alimentos)<\/li>\n<li>Gerenciamento de Documentos;<\/li>\n<li>Gest\u00e3o de Treinamentos;<\/li>\n<li>Valida\u00e7\u00e3o de Processos;<\/li>\n<li>Valida\u00e7\u00e3o de Limpeza;<\/li>\n<li>Valida\u00e7\u00e3o de Sistemas Computadorizados;<\/li>\n<li>Valida\u00e7\u00e3o de Sistema de \u00c1gua;<\/li>\n<li>Qualifica\u00e7\u00e3o de Equipamentos;<\/li>\n<li>Revis\u00e3o Peri\u00f3dica de Produto;<\/li>\n<li>Qualifica\u00e7\u00e3o de Fornecedores;<\/li>\n<li>Autoinspe\u00e7\u00e3o\/Auditorias da Qualidade (Internas e Externas);<\/li>\n<li>Programa 5S;<\/li>\n<li>entre outros&#8230;<\/li>\n<\/ul>\n\r\n\t\t<\/div>\r\n\t<\/div>\r\n<\/div><\/div><\/div><\/div><\/div><\/section>\n","protected":false},"excerpt":{"rendered":"Desenvolvimento \u2022\u00a0Implanta\u00e7\u00e3o \u2022\u00a0Aprimoramento \u2022\u00a0Programa de Melhoria Cont\u00ednua Nossos Servi\u00e7os Regulariza\u00e7\u00e3o Sanit\u00e1ria de Empresas (ANVISA\/VISA) Regulariza\u00e7\u00e3o Sanit\u00e1ria de Produtos (ANVISA) Sistema da Qualidade \u2013 Boas Pr\u00e1ticas de Fabrica\u00e7\u00e3o \/ Distribui\u00e7\u00e3o \/ Transporte (BPx) Workshops e Palestras Cada empresa tem suas particularidades e realidade que a tornam \u00fanica. Por esse motivo, um bom servi\u00e7o de Consultoria n\u00e3o...","protected":false},"author":1,"featured_media":0,"parent":55,"menu_order":0,"comment_status":"closed","ping_status":"closed","template":"","meta":[],"yoast_head":"<!-- This site is optimized with the Yoast SEO plugin v17.1 - https:\/\/yoast.com\/wordpress\/plugins\/seo\/ -->\n<title>Sistema da Qualidade - Boas Pr\u00e1ticas de Fabrica\u00e7\u00e3o \/ Distribui\u00e7\u00e3o \/ Transporte (BPx) - Meliore<\/title>\n<meta name=\"description\" content=\"Nossa empresa oferece consultoria especializada em sistema da qualidade - boas pr\u00e1ticas de fabrica\u00e7\u00e3o, distribui\u00e7\u00e3o e transporte. Desenvolvemos um sistema da qualidade exclusivo para atender \u00e0s necessidades espec\u00edficas da empresa.\" \/>\n<meta name=\"robots\" content=\"index, follow, max-snippet:-1, max-image-preview:large, max-video-preview:-1\" \/>\n<link rel=\"canonical\" href=\"https:\/\/www.meliore.com.br\/novosite\/servicos\/sistema-da-qualidade-boas-praticas-de-fabricacao-distribuicao-transporte-bpx\/\" \/>\n<meta property=\"og:locale\" content=\"pt_BR\" \/>\n<meta property=\"og:type\" content=\"article\" \/>\n<meta property=\"og:title\" content=\"Sistema da Qualidade - Boas Pr\u00e1ticas de Fabrica\u00e7\u00e3o \/ Distribui\u00e7\u00e3o \/ Transporte (BPx) - Meliore\" \/>\n<meta property=\"og:description\" content=\"Nossa empresa oferece consultoria especializada em sistema da qualidade - boas pr\u00e1ticas de fabrica\u00e7\u00e3o, distribui\u00e7\u00e3o e transporte. Desenvolvemos um sistema da qualidade exclusivo para atender \u00e0s necessidades espec\u00edficas da empresa.\" \/>\n<meta property=\"og:url\" content=\"https:\/\/www.meliore.com.br\/novosite\/servicos\/sistema-da-qualidade-boas-praticas-de-fabricacao-distribuicao-transporte-bpx\/\" \/>\n<meta property=\"og:site_name\" content=\"Meliore\" \/>\n<meta property=\"article:modified_time\" content=\"2021-09-13T12:40:02+00:00\" \/>\n<meta name=\"twitter:card\" content=\"summary_large_image\" \/>\n<meta name=\"twitter:label1\" content=\"Est. tempo de leitura\" \/>\n\t<meta name=\"twitter:data1\" content=\"2 minutos\" \/>\n<script type=\"application\/ld+json\" class=\"yoast-schema-graph\">{\"@context\":\"https:\/\/schema.org\",\"@graph\":[{\"@type\":\"WebSite\",\"@id\":\"https:\/\/www.meliore.com.br\/novosite\/#website\",\"url\":\"https:\/\/www.meliore.com.br\/novosite\/\",\"name\":\"Meliore\",\"description\":\"\",\"potentialAction\":[{\"@type\":\"SearchAction\",\"target\":{\"@type\":\"EntryPoint\",\"urlTemplate\":\"https:\/\/www.meliore.com.br\/novosite\/?s={search_term_string}\"},\"query-input\":\"required name=search_term_string\"}],\"inLanguage\":\"pt-BR\"},{\"@type\":\"WebPage\",\"@id\":\"https:\/\/www.meliore.com.br\/novosite\/servicos\/sistema-da-qualidade-boas-praticas-de-fabricacao-distribuicao-transporte-bpx\/#webpage\",\"url\":\"https:\/\/www.meliore.com.br\/novosite\/servicos\/sistema-da-qualidade-boas-praticas-de-fabricacao-distribuicao-transporte-bpx\/\",\"name\":\"Sistema da Qualidade - Boas Pr\\u00e1ticas de Fabrica\\u00e7\\u00e3o \/ Distribui\\u00e7\\u00e3o \/ Transporte (BPx) - Meliore\",\"isPartOf\":{\"@id\":\"https:\/\/www.meliore.com.br\/novosite\/#website\"},\"datePublished\":\"2018-03-02T16:32:34+00:00\",\"dateModified\":\"2021-09-13T12:40:02+00:00\",\"description\":\"Nossa empresa oferece consultoria especializada em sistema da qualidade - boas pr\\u00e1ticas de fabrica\\u00e7\\u00e3o, distribui\\u00e7\\u00e3o e transporte. Desenvolvemos um sistema da qualidade exclusivo para atender \\u00e0s necessidades espec\\u00edficas da empresa.\",\"breadcrumb\":{\"@id\":\"https:\/\/www.meliore.com.br\/novosite\/servicos\/sistema-da-qualidade-boas-praticas-de-fabricacao-distribuicao-transporte-bpx\/#breadcrumb\"},\"inLanguage\":\"pt-BR\",\"potentialAction\":[{\"@type\":\"ReadAction\",\"target\":[\"https:\/\/www.meliore.com.br\/novosite\/servicos\/sistema-da-qualidade-boas-praticas-de-fabricacao-distribuicao-transporte-bpx\/\"]}]},{\"@type\":\"BreadcrumbList\",\"@id\":\"https:\/\/www.meliore.com.br\/novosite\/servicos\/sistema-da-qualidade-boas-praticas-de-fabricacao-distribuicao-transporte-bpx\/#breadcrumb\",\"itemListElement\":[{\"@type\":\"ListItem\",\"position\":1,\"name\":\"In\\u00edcio\",\"item\":\"https:\/\/www.meliore.com.br\/novosite\/\"},{\"@type\":\"ListItem\",\"position\":2,\"name\":\"Servi\\u00e7os\",\"item\":\"https:\/\/www.meliore.com.br\/novosite\/servicos\/\"},{\"@type\":\"ListItem\",\"position\":3,\"name\":\"Sistema da Qualidade &#8211; Boas Pr\\u00e1ticas de Fabrica\\u00e7\\u00e3o \/ Distribui\\u00e7\\u00e3o \/ Transporte (BPx)\"}]}]}<\/script>\n<!-- \/ Yoast SEO plugin. -->","yoast_head_json":{"title":"Sistema da Qualidade - Boas Pr\u00e1ticas de Fabrica\u00e7\u00e3o \/ Distribui\u00e7\u00e3o \/ Transporte (BPx) - Meliore","description":"Nossa empresa oferece consultoria especializada em sistema da qualidade - boas pr\u00e1ticas de fabrica\u00e7\u00e3o, distribui\u00e7\u00e3o e transporte. Desenvolvemos um sistema da qualidade exclusivo para atender \u00e0s necessidades espec\u00edficas da empresa.","robots":{"index":"index","follow":"follow","max-snippet":"max-snippet:-1","max-image-preview":"max-image-preview:large","max-video-preview":"max-video-preview:-1"},"canonical":"https:\/\/www.meliore.com.br\/novosite\/servicos\/sistema-da-qualidade-boas-praticas-de-fabricacao-distribuicao-transporte-bpx\/","og_locale":"pt_BR","og_type":"article","og_title":"Sistema da Qualidade - Boas Pr\u00e1ticas de Fabrica\u00e7\u00e3o \/ Distribui\u00e7\u00e3o \/ Transporte (BPx) - Meliore","og_description":"Nossa empresa oferece consultoria especializada em sistema da qualidade - boas pr\u00e1ticas de fabrica\u00e7\u00e3o, distribui\u00e7\u00e3o e transporte. Desenvolvemos um sistema da qualidade exclusivo para atender \u00e0s necessidades espec\u00edficas da empresa.","og_url":"https:\/\/www.meliore.com.br\/novosite\/servicos\/sistema-da-qualidade-boas-praticas-de-fabricacao-distribuicao-transporte-bpx\/","og_site_name":"Meliore","article_modified_time":"2021-09-13T12:40:02+00:00","twitter_card":"summary_large_image","twitter_misc":{"Est. tempo de leitura":"2 minutos"},"schema":{"@context":"https:\/\/schema.org","@graph":[{"@type":"WebSite","@id":"https:\/\/www.meliore.com.br\/novosite\/#website","url":"https:\/\/www.meliore.com.br\/novosite\/","name":"Meliore","description":"","potentialAction":[{"@type":"SearchAction","target":{"@type":"EntryPoint","urlTemplate":"https:\/\/www.meliore.com.br\/novosite\/?s={search_term_string}"},"query-input":"required name=search_term_string"}],"inLanguage":"pt-BR"},{"@type":"WebPage","@id":"https:\/\/www.meliore.com.br\/novosite\/servicos\/sistema-da-qualidade-boas-praticas-de-fabricacao-distribuicao-transporte-bpx\/#webpage","url":"https:\/\/www.meliore.com.br\/novosite\/servicos\/sistema-da-qualidade-boas-praticas-de-fabricacao-distribuicao-transporte-bpx\/","name":"Sistema da Qualidade - Boas Pr\u00e1ticas de Fabrica\u00e7\u00e3o \/ Distribui\u00e7\u00e3o \/ Transporte (BPx) - Meliore","isPartOf":{"@id":"https:\/\/www.meliore.com.br\/novosite\/#website"},"datePublished":"2018-03-02T16:32:34+00:00","dateModified":"2021-09-13T12:40:02+00:00","description":"Nossa empresa oferece consultoria especializada em sistema da qualidade - boas pr\u00e1ticas de fabrica\u00e7\u00e3o, distribui\u00e7\u00e3o e transporte. Desenvolvemos um sistema da qualidade exclusivo para atender \u00e0s necessidades espec\u00edficas da empresa.","breadcrumb":{"@id":"https:\/\/www.meliore.com.br\/novosite\/servicos\/sistema-da-qualidade-boas-praticas-de-fabricacao-distribuicao-transporte-bpx\/#breadcrumb"},"inLanguage":"pt-BR","potentialAction":[{"@type":"ReadAction","target":["https:\/\/www.meliore.com.br\/novosite\/servicos\/sistema-da-qualidade-boas-praticas-de-fabricacao-distribuicao-transporte-bpx\/"]}]},{"@type":"BreadcrumbList","@id":"https:\/\/www.meliore.com.br\/novosite\/servicos\/sistema-da-qualidade-boas-praticas-de-fabricacao-distribuicao-transporte-bpx\/#breadcrumb","itemListElement":[{"@type":"ListItem","position":1,"name":"In\u00edcio","item":"https:\/\/www.meliore.com.br\/novosite\/"},{"@type":"ListItem","position":2,"name":"Servi\u00e7os","item":"https:\/\/www.meliore.com.br\/novosite\/servicos\/"},{"@type":"ListItem","position":3,"name":"Sistema da Qualidade &#8211; Boas Pr\u00e1ticas de Fabrica\u00e7\u00e3o \/ Distribui\u00e7\u00e3o \/ Transporte (BPx)"}]}]}},"_links":{"self":[{"href":"https:\/\/www.meliore.com.br\/novosite\/wp-json\/wp\/v2\/pages\/71"}],"collection":[{"href":"https:\/\/www.meliore.com.br\/novosite\/wp-json\/wp\/v2\/pages"}],"about":[{"href":"https:\/\/www.meliore.com.br\/novosite\/wp-json\/wp\/v2\/types\/page"}],"author":[{"embeddable":true,"href":"https:\/\/www.meliore.com.br\/novosite\/wp-json\/wp\/v2\/users\/1"}],"replies":[{"embeddable":true,"href":"https:\/\/www.meliore.com.br\/novosite\/wp-json\/wp\/v2\/comments?post=71"}],"version-history":[{"count":1,"href":"https:\/\/www.meliore.com.br\/novosite\/wp-json\/wp\/v2\/pages\/71\/revisions"}],"predecessor-version":[{"id":72,"href":"https:\/\/www.meliore.com.br\/novosite\/wp-json\/wp\/v2\/pages\/71\/revisions\/72"}],"up":[{"embeddable":true,"href":"https:\/\/www.meliore.com.br\/novosite\/wp-json\/wp\/v2\/pages\/55"}],"wp:attachment":[{"href":"https:\/\/www.meliore.com.br\/novosite\/wp-json\/wp\/v2\/media?parent=71"}],"curies":[{"name":"wp","href":"https:\/\/api.w.org\/{rel}","templated":true}]}}