{"id":69,"date":"2018-03-02T13:29:14","date_gmt":"2018-03-02T16:29:14","guid":{"rendered":"https:\/\/www.meliore.com.br\/novosite\/?page_id=69"},"modified":"2021-09-13T10:11:06","modified_gmt":"2021-09-13T13:11:06","slug":"regularizacao-sanitaria-de-produtos-anvisa","status":"publish","type":"page","link":"https:\/\/www.meliore.com.br\/novosite\/servicos\/regularizacao-sanitaria-de-produtos-anvisa\/","title":{"rendered":"Regulariza\u00e7\u00e3o Sanit\u00e1ria de Produtos (ANVISA)"},"content":{"rendered":"<section class=\"l-section wpb_row height_medium\"><div class=\"l-section-h i-cf\"><div class=\"g-cols vc_row type_default valign_top\"><div class=\"vc_col-sm-12 wpb_column vc_column_container\"><div class=\"vc_column-inner\"><div class=\"wpb_wrapper\">\r\n\t<div class=\"wpb_text_column \">\r\n\t\t<div class=\"wpb_wrapper\">\r\n\t\t\t<h4 style=\"text-align: center;\">Mantenha sua atividade legalizada perante a ANVISA e VISA<\/h4>\n\r\n\t\t<\/div>\r\n\t<\/div>\r\n<\/div><\/div><\/div><\/div><\/div><\/section><section class=\"l-section wpb_row height_small\"><div class=\"l-section-h i-cf\"><div class=\"g-cols vc_row type_default valign_top\"><div class=\"vc_col-sm-3 wpb_column vc_column_container\"><div class=\"vc_column-inner\"><div class=\"wpb_wrapper\">\r\n\t<div class=\"wpb_text_column \">\r\n\t\t<div class=\"wpb_wrapper\">\r\n\t\t\t<h5>Nossos Servi\u00e7os<\/h5>\n\r\n\t\t<\/div>\r\n\t<\/div>\r\n<div class=\"vc_wp_custommenu  layout_ver align_left\"><div class=\"widget widget_nav_menu\"><div class=\"menu-servicos-container\"><ul id=\"menu-servicos\" class=\"menu\"><li id=\"menu-item-63\" class=\"menu-item menu-item-type-post_type menu-item-object-page menu-item-63\"><a href=\"https:\/\/www.meliore.com.br\/novosite\/servicos\/regularizacao-sanitaria-de-empresas-anvisa-visa\/\">Regulariza\u00e7\u00e3o Sanit\u00e1ria de Empresas (ANVISA\/VISA)<\/a><\/li>\n<li id=\"menu-item-80\" class=\"menu-item menu-item-type-post_type menu-item-object-page menu-item-80\"><a href=\"https:\/\/www.meliore.com.br\/novosite\/servicos\/regularizacao-sanitaria-de-produtos-anvisa\/\">Regulariza\u00e7\u00e3o Sanit\u00e1ria de Produtos (ANVISA)<\/a><\/li>\n<li id=\"menu-item-79\" class=\"menu-item menu-item-type-post_type menu-item-object-page menu-item-79\"><a href=\"https:\/\/www.meliore.com.br\/novosite\/servicos\/sistema-da-qualidade-boas-praticas-de-fabricacao-distribuicao-transporte-bpx\/\">Sistema da Qualidade \u2013 Boas Pr\u00e1ticas de Fabrica\u00e7\u00e3o \/ Distribui\u00e7\u00e3o \/ Transporte (BPx)<\/a><\/li>\n<li id=\"menu-item-78\" class=\"menu-item menu-item-type-post_type menu-item-object-page menu-item-78\"><a href=\"https:\/\/www.meliore.com.br\/novosite\/servicos\/workshops-e-palestras\/\">Workshops e Palestras<\/a><\/li>\n<\/ul><\/div><\/div><\/div><\/div><\/div><\/div><div class=\"vc_col-sm-9 wpb_column vc_column_container\"><div class=\"vc_column-inner\"><div class=\"wpb_wrapper\">\r\n\t<div class=\"wpb_text_column \">\r\n\t\t<div class=\"wpb_wrapper\">\r\n\t\t\t<p>Fabricar ou importar produtos sob o Regime de Vigil\u00e2ncia Sanit\u00e1ria requer sua regulariza\u00e7\u00e3o perante o \u00f3rg\u00e3o regulador e, em muitos casos, sua renova\u00e7\u00e3o peri\u00f3dica.<\/p>\n<p>O processo para obten\u00e7\u00e3o de um registro requer experi\u00eancia e esfor\u00e7os para superar etapas como:<\/p>\n<ul>\n<li>Compreender a legisla\u00e7\u00e3o espec\u00edfica do produto;<\/li>\n<li>Coletar diversas informa\u00e7\u00f5es exigidas pela ag\u00eancia reguladora;<\/li>\n<li>Reunir, padronizar, protocolar o processo de registro\/cadastro\/notifica\u00e7\u00e3o;<\/li>\n<li>Acompanhar a evolu\u00e7\u00e3o do processo na ag\u00eancia;<\/li>\n<li>Compreender e cumprir as eventuais exig\u00eancias adicionais, com eventuais novas protocoliza\u00e7\u00f5es;<\/li>\n<li>Confirmar o deferimento do processo por parte do \u00f3rg\u00e3o e sua oficializa\u00e7\u00e3o.<\/li>\n<\/ul>\n<p>N\u00f3s fazemos o Levantamento do tipo, classe e grau de risco do produto para determinar a estrat\u00e9gia adequada para sua regulariza\u00e7\u00e3o. Orientamos e assessoramos a empresa desde as a\u00e7\u00f5es pr\u00e9-registro at\u00e9 a elabora\u00e7\u00e3o e organiza\u00e7\u00e3o dos dossi\u00eas de produto. Submetemos e acompanhamos o processo para avalia\u00e7\u00e3o pela ANVISA at\u00e9 sua publica\u00e7\u00e3o. Veja os tipos de regulariza\u00e7\u00f5es que realizamos:<\/p>\n<ul>\n<li>Notifica\u00e7\u00e3o<\/li>\n<li>Cadastro<\/li>\n<li>Registro<\/li>\n<li>Comunica\u00e7\u00e3o Pr\u00e9via<\/li>\n<\/ul>\n\r\n\t\t<\/div>\r\n\t<\/div>\r\n<\/div><\/div><\/div><\/div><\/div><\/section>\n","protected":false},"excerpt":{"rendered":"Mantenha sua atividade legalizada perante a ANVISA e VISA Nossos Servi\u00e7os Regulariza\u00e7\u00e3o Sanit\u00e1ria de Empresas (ANVISA\/VISA) Regulariza\u00e7\u00e3o Sanit\u00e1ria de Produtos (ANVISA) Sistema da Qualidade \u2013 Boas Pr\u00e1ticas de Fabrica\u00e7\u00e3o \/ Distribui\u00e7\u00e3o \/ Transporte (BPx) Workshops e Palestras Fabricar ou importar produtos sob o Regime de Vigil\u00e2ncia Sanit\u00e1ria requer sua regulariza\u00e7\u00e3o perante o \u00f3rg\u00e3o regulador e,...","protected":false},"author":1,"featured_media":0,"parent":55,"menu_order":0,"comment_status":"closed","ping_status":"closed","template":"","meta":[],"yoast_head":"<!-- This site is optimized with the Yoast SEO plugin v17.1 - https:\/\/yoast.com\/wordpress\/plugins\/seo\/ -->\n<title>Regulariza\u00e7\u00e3o Sanit\u00e1ria de Produtos (ANVISA) - Meliore<\/title>\n<meta name=\"description\" content=\"\u00c9 muito importante manter suas atividades de regulariza\u00e7\u00e3o sanit\u00e1ria junto a ANVISA em dia, por isso, tamb\u00e9m oferecemos consultoria nessa \u00e1rea\" \/>\n<meta name=\"robots\" content=\"index, follow, max-snippet:-1, max-image-preview:large, max-video-preview:-1\" \/>\n<link rel=\"canonical\" href=\"https:\/\/www.meliore.com.br\/novosite\/servicos\/regularizacao-sanitaria-de-produtos-anvisa\/\" \/>\n<meta property=\"og:locale\" content=\"pt_BR\" \/>\n<meta property=\"og:type\" content=\"article\" \/>\n<meta property=\"og:title\" content=\"Regulariza\u00e7\u00e3o Sanit\u00e1ria de Produtos (ANVISA) - Meliore\" \/>\n<meta property=\"og:description\" content=\"\u00c9 muito importante manter suas atividades de regulariza\u00e7\u00e3o sanit\u00e1ria junto a ANVISA em dia, por isso, tamb\u00e9m oferecemos consultoria nessa \u00e1rea\" \/>\n<meta property=\"og:url\" content=\"https:\/\/www.meliore.com.br\/novosite\/servicos\/regularizacao-sanitaria-de-produtos-anvisa\/\" \/>\n<meta property=\"og:site_name\" content=\"Meliore\" \/>\n<meta property=\"article:modified_time\" content=\"2021-09-13T13:11:06+00:00\" \/>\n<meta name=\"twitter:card\" content=\"summary_large_image\" \/>\n<meta name=\"twitter:label1\" content=\"Est. tempo de leitura\" \/>\n\t<meta name=\"twitter:data1\" content=\"1 minuto\" \/>\n<script type=\"application\/ld+json\" class=\"yoast-schema-graph\">{\"@context\":\"https:\/\/schema.org\",\"@graph\":[{\"@type\":\"WebSite\",\"@id\":\"https:\/\/www.meliore.com.br\/novosite\/#website\",\"url\":\"https:\/\/www.meliore.com.br\/novosite\/\",\"name\":\"Meliore\",\"description\":\"\",\"potentialAction\":[{\"@type\":\"SearchAction\",\"target\":{\"@type\":\"EntryPoint\",\"urlTemplate\":\"https:\/\/www.meliore.com.br\/novosite\/?s={search_term_string}\"},\"query-input\":\"required name=search_term_string\"}],\"inLanguage\":\"pt-BR\"},{\"@type\":\"WebPage\",\"@id\":\"https:\/\/www.meliore.com.br\/novosite\/servicos\/regularizacao-sanitaria-de-produtos-anvisa\/#webpage\",\"url\":\"https:\/\/www.meliore.com.br\/novosite\/servicos\/regularizacao-sanitaria-de-produtos-anvisa\/\",\"name\":\"Regulariza\\u00e7\\u00e3o Sanit\\u00e1ria de Produtos (ANVISA) - Meliore\",\"isPartOf\":{\"@id\":\"https:\/\/www.meliore.com.br\/novosite\/#website\"},\"datePublished\":\"2018-03-02T16:29:14+00:00\",\"dateModified\":\"2021-09-13T13:11:06+00:00\",\"description\":\"\\u00c9 muito importante manter suas atividades de regulariza\\u00e7\\u00e3o sanit\\u00e1ria junto a ANVISA em dia, por isso, tamb\\u00e9m oferecemos consultoria nessa \\u00e1rea\",\"breadcrumb\":{\"@id\":\"https:\/\/www.meliore.com.br\/novosite\/servicos\/regularizacao-sanitaria-de-produtos-anvisa\/#breadcrumb\"},\"inLanguage\":\"pt-BR\",\"potentialAction\":[{\"@type\":\"ReadAction\",\"target\":[\"https:\/\/www.meliore.com.br\/novosite\/servicos\/regularizacao-sanitaria-de-produtos-anvisa\/\"]}]},{\"@type\":\"BreadcrumbList\",\"@id\":\"https:\/\/www.meliore.com.br\/novosite\/servicos\/regularizacao-sanitaria-de-produtos-anvisa\/#breadcrumb\",\"itemListElement\":[{\"@type\":\"ListItem\",\"position\":1,\"name\":\"In\\u00edcio\",\"item\":\"https:\/\/www.meliore.com.br\/novosite\/\"},{\"@type\":\"ListItem\",\"position\":2,\"name\":\"Servi\\u00e7os\",\"item\":\"https:\/\/www.meliore.com.br\/novosite\/servicos\/\"},{\"@type\":\"ListItem\",\"position\":3,\"name\":\"Regulariza\\u00e7\\u00e3o Sanit\\u00e1ria de Produtos (ANVISA)\"}]}]}<\/script>\n<!-- \/ Yoast SEO plugin. -->","yoast_head_json":{"title":"Regulariza\u00e7\u00e3o Sanit\u00e1ria de Produtos (ANVISA) - Meliore","description":"\u00c9 muito importante manter suas atividades de regulariza\u00e7\u00e3o sanit\u00e1ria junto a ANVISA em dia, por isso, tamb\u00e9m oferecemos consultoria nessa \u00e1rea","robots":{"index":"index","follow":"follow","max-snippet":"max-snippet:-1","max-image-preview":"max-image-preview:large","max-video-preview":"max-video-preview:-1"},"canonical":"https:\/\/www.meliore.com.br\/novosite\/servicos\/regularizacao-sanitaria-de-produtos-anvisa\/","og_locale":"pt_BR","og_type":"article","og_title":"Regulariza\u00e7\u00e3o Sanit\u00e1ria de Produtos (ANVISA) - Meliore","og_description":"\u00c9 muito importante manter suas atividades de regulariza\u00e7\u00e3o sanit\u00e1ria junto a ANVISA em dia, por isso, tamb\u00e9m oferecemos consultoria nessa \u00e1rea","og_url":"https:\/\/www.meliore.com.br\/novosite\/servicos\/regularizacao-sanitaria-de-produtos-anvisa\/","og_site_name":"Meliore","article_modified_time":"2021-09-13T13:11:06+00:00","twitter_card":"summary_large_image","twitter_misc":{"Est. tempo de leitura":"1 minuto"},"schema":{"@context":"https:\/\/schema.org","@graph":[{"@type":"WebSite","@id":"https:\/\/www.meliore.com.br\/novosite\/#website","url":"https:\/\/www.meliore.com.br\/novosite\/","name":"Meliore","description":"","potentialAction":[{"@type":"SearchAction","target":{"@type":"EntryPoint","urlTemplate":"https:\/\/www.meliore.com.br\/novosite\/?s={search_term_string}"},"query-input":"required name=search_term_string"}],"inLanguage":"pt-BR"},{"@type":"WebPage","@id":"https:\/\/www.meliore.com.br\/novosite\/servicos\/regularizacao-sanitaria-de-produtos-anvisa\/#webpage","url":"https:\/\/www.meliore.com.br\/novosite\/servicos\/regularizacao-sanitaria-de-produtos-anvisa\/","name":"Regulariza\u00e7\u00e3o Sanit\u00e1ria de Produtos (ANVISA) - Meliore","isPartOf":{"@id":"https:\/\/www.meliore.com.br\/novosite\/#website"},"datePublished":"2018-03-02T16:29:14+00:00","dateModified":"2021-09-13T13:11:06+00:00","description":"\u00c9 muito importante manter suas atividades de regulariza\u00e7\u00e3o sanit\u00e1ria junto a ANVISA em dia, por isso, tamb\u00e9m oferecemos consultoria nessa \u00e1rea","breadcrumb":{"@id":"https:\/\/www.meliore.com.br\/novosite\/servicos\/regularizacao-sanitaria-de-produtos-anvisa\/#breadcrumb"},"inLanguage":"pt-BR","potentialAction":[{"@type":"ReadAction","target":["https:\/\/www.meliore.com.br\/novosite\/servicos\/regularizacao-sanitaria-de-produtos-anvisa\/"]}]},{"@type":"BreadcrumbList","@id":"https:\/\/www.meliore.com.br\/novosite\/servicos\/regularizacao-sanitaria-de-produtos-anvisa\/#breadcrumb","itemListElement":[{"@type":"ListItem","position":1,"name":"In\u00edcio","item":"https:\/\/www.meliore.com.br\/novosite\/"},{"@type":"ListItem","position":2,"name":"Servi\u00e7os","item":"https:\/\/www.meliore.com.br\/novosite\/servicos\/"},{"@type":"ListItem","position":3,"name":"Regulariza\u00e7\u00e3o Sanit\u00e1ria de Produtos (ANVISA)"}]}]}},"_links":{"self":[{"href":"https:\/\/www.meliore.com.br\/novosite\/wp-json\/wp\/v2\/pages\/69"}],"collection":[{"href":"https:\/\/www.meliore.com.br\/novosite\/wp-json\/wp\/v2\/pages"}],"about":[{"href":"https:\/\/www.meliore.com.br\/novosite\/wp-json\/wp\/v2\/types\/page"}],"author":[{"embeddable":true,"href":"https:\/\/www.meliore.com.br\/novosite\/wp-json\/wp\/v2\/users\/1"}],"replies":[{"embeddable":true,"href":"https:\/\/www.meliore.com.br\/novosite\/wp-json\/wp\/v2\/comments?post=69"}],"version-history":[{"count":1,"href":"https:\/\/www.meliore.com.br\/novosite\/wp-json\/wp\/v2\/pages\/69\/revisions"}],"predecessor-version":[{"id":70,"href":"https:\/\/www.meliore.com.br\/novosite\/wp-json\/wp\/v2\/pages\/69\/revisions\/70"}],"up":[{"embeddable":true,"href":"https:\/\/www.meliore.com.br\/novosite\/wp-json\/wp\/v2\/pages\/55"}],"wp:attachment":[{"href":"https:\/\/www.meliore.com.br\/novosite\/wp-json\/wp\/v2\/media?parent=69"}],"curies":[{"name":"wp","href":"https:\/\/api.w.org\/{rel}","templated":true}]}}