{"id":55,"date":"2018-03-02T13:19:06","date_gmt":"2018-03-02T16:19:06","guid":{"rendered":"https:\/\/www.meliore.com.br\/novosite\/?page_id=55"},"modified":"2024-07-23T10:38:14","modified_gmt":"2024-07-23T13:38:14","slug":"servicos","status":"publish","type":"page","link":"https:\/\/www.meliore.com.br\/novosite\/servicos\/","title":{"rendered":"Servi\u00e7os"},"content":{"rendered":"<section class=\"l-section wpb_row height_medium\"><div class=\"l-section-h i-cf\"><div class=\"g-cols vc_row type_default valign_top\"><div class=\"vc_col-sm-12 wpb_column vc_column_container\"><div class=\"vc_column-inner\"><div class=\"wpb_wrapper\">\r\n\t<div class=\"wpb_text_column \">\r\n\t\t<div class=\"wpb_wrapper\">\r\n\t\t\t<h5 style=\"text-align: center;\">Nossos servi\u00e7os s\u00e3o ajust\u00e1veis e objetivos, apreciamos e compreendemos as micro e pequenas empresas, bem como a harmonia entre produtividade e conformidade.<\/h5>\n\r\n\t\t<\/div>\r\n\t<\/div>\r\n<\/div><\/div><\/div><\/div><\/div><\/section><section class=\"l-section wpb_row height_medium color_secondary with_img with_overlay\"><div class=\"l-section-img\" style=\"background-image: url(https:\/\/www.meliore.com.br\/novosite\/wp-content\/uploads\/2018\/03\/meliore-fundo-03.jpg);background-repeat: no-repeat;\" data-img-width=\"1920\" data-img-height=\"300\"><\/div><div class=\"l-section-overlay\" style=\"background-color: rgba(0,0,0,0.7)\"><\/div><div class=\"l-section-h i-cf\"><div class=\"g-cols vc_row type_default valign_top\"><div class=\"vc_col-sm-12 wpb_column vc_column_container\"><div class=\"vc_column-inner\"><div class=\"wpb_wrapper\">\r\n\t<div class=\"wpb_text_column  vc_custom_1520018236889\">\r\n\t\t<div class=\"wpb_wrapper\">\r\n\t\t\t<h5 style=\"text-align: center;\">As normas da ANVISA sobre empresas dos setores regulados ultrapassam a marca das 1.200 vigentes. Exig\u00eancias indispens\u00e1veis para obter e manter empresas e produtos legalizados.<\/h5>\n\r\n\t\t<\/div>\r\n\t<\/div>\r\n\r\n\t<div class=\"wpb_text_column \">\r\n\t\t<div class=\"wpb_wrapper\">\r\n\t\t\t<p style=\"text-align: center;\">Nos concentramos nas repetidas mudan\u00e7as que ocorrem nestes assuntos e nos propomos a facilit\u00e1-los para nossos clientes.<\/p>\n\r\n\t\t<\/div>\r\n\t<\/div>\r\n<\/div><\/div><\/div><\/div><\/div><\/section><section class=\"l-section wpb_row height_auto width_full\"><div class=\"l-section-h i-cf\"><div class=\"g-cols vc_row type_boxes valign_top\"><div class=\"vc_col-sm-4 wpb_column vc_column_container has-fill\" style=\"color:#ffffff;\"><div class=\"vc_column-inner  vc_custom_1520018443160 color_custom\"><div class=\"wpb_wrapper\">\r\n\t<div class=\"wpb_text_column \">\r\n\t\t<div class=\"wpb_wrapper\">\r\n\t\t\t<p style=\"text-align: center;\">Como <strong>CONSULTORIA<\/strong>, avaliamos a estrutura existente, confrontamos com as exig\u00eancias legais e ambi\u00e7\u00f5es do cliente e propomos medidas de adequa\u00e7\u00e3o racionais em custo e prazo.<\/p>\n\r\n\t\t<\/div>\r\n\t<\/div>\r\n<\/div><\/div><\/div><div class=\"vc_col-sm-4 wpb_column vc_column_container has-fill\" style=\"color:#ffffff;\"><div class=\"vc_column-inner  vc_custom_1520018450560 color_custom\"><div class=\"wpb_wrapper\">\r\n\t<div class=\"wpb_text_column \">\r\n\t\t<div class=\"wpb_wrapper\">\r\n\t\t\t<p style=\"text-align: center;\">Como <strong>ASSESSORIA<\/strong>, regularizamos empresas e produtos junto \u00e0 ANVISA, desde o encaminhamento do processo \u00e0s ag\u00eancias at\u00e9 a publica\u00e7\u00e3o do resultado em Di\u00e1rio Oficial (DOU).<\/p>\n\r\n\t\t<\/div>\r\n\t<\/div>\r\n<\/div><\/div><\/div><div class=\"vc_col-sm-4 wpb_column vc_column_container has-fill\" style=\"color:#ffffff;\"><div class=\"vc_column-inner  vc_custom_1520018461256 color_custom\"><div class=\"wpb_wrapper\">\r\n\t<div class=\"wpb_text_column \">\r\n\t\t<div class=\"wpb_wrapper\">\r\n\t\t\t<p style=\"text-align: center;\">Como <strong>ESPECIALISTAS<\/strong>, oferecemos treinamentos em diversos t\u00f3picos da Gest\u00e3o da Qualidade.<\/p>\n\r\n\t\t<\/div>\r\n\t<\/div>\r\n<\/div><\/div><\/div><\/div><\/div><\/section><section class=\"l-section wpb_row height_medium\"><div class=\"l-section-h i-cf\"><div class=\"g-cols vc_row type_default valign_top\"><div class=\"vc_col-sm-3 wpb_column vc_column_container\"><div class=\"vc_column-inner\"><div class=\"wpb_wrapper\"><div class=\"w-iconbox iconpos_top style_default color_primary align_center icontype_img\"><a class=\"w-iconbox-link\" href=\"https:\/\/www.meliore.com.br\/novosite\/servicos\/regularizacao-sanitaria-de-empresas-anvisa-visa\/\" aria-label=\"Regulariza\u00e7\u00e3o Sanit\u00e1ria de Empresas\"><div class=\"w-iconbox-icon\" style=\"font-size:95px;\"><img width=\"95\" height=\"95\" src=\"https:\/\/www.meliore.com.br\/novosite\/wp-content\/uploads\/2018\/03\/meliore-servicos-regularizacao.png\" class=\"attachment-full size-full\" alt=\"\" loading=\"lazy\" \/><\/div><\/a><div class=\"w-iconbox-meta\"><a class=\"w-iconbox-link\" href=\"https:\/\/www.meliore.com.br\/novosite\/servicos\/regularizacao-sanitaria-de-empresas-anvisa-visa\/\" aria-label=\"Regulariza\u00e7\u00e3o Sanit\u00e1ria de Empresas\"><h5 class=\"w-iconbox-title\" style=\"font-size:16px;\">Regulariza\u00e7\u00e3o Sanit\u00e1ria de Empresas<\/h5><\/a><div class=\"w-iconbox-text\"><p>Fabricar, distribuir ou importar produtos sujeitos \u00e0s normas de Vigil\u00e2ncia Sanit\u00e1ria requer a regulariza\u00e7\u00e3o da empresa&#8230;<\/p>\n<\/div><\/div><\/div><div class=\"w-separator size_custom\" style=\"height:32px;\"><\/div><div class=\"w-btn-wrapper width_auto align_center\"><a class=\"w-btn us-btn-style_4\" href=\"https:\/\/www.meliore.com.br\/novosite\/servicos\/regularizacao-sanitaria-de-empresas-anvisa-visa\/\" style=\"font-size:15px;\"><span class=\"w-btn-label\">SAIBA MAIS<\/span><\/a><\/div><\/div><\/div><\/div><div class=\"vc_col-sm-3 wpb_column vc_column_container\"><div class=\"vc_column-inner\"><div class=\"wpb_wrapper\"><div class=\"w-iconbox iconpos_top style_default color_primary align_center icontype_img\"><a class=\"w-iconbox-link\" href=\"https:\/\/www.meliore.com.br\/novosite\/servicos\/regularizacao-sanitaria-de-produtos-anvisa\/\" aria-label=\"Regulariza\u00e7\u00e3o Sanit\u00e1ria de Produtos (ANVISA)\"><div class=\"w-iconbox-icon\" style=\"font-size:95px;\"><img width=\"95\" height=\"95\" src=\"https:\/\/www.meliore.com.br\/novosite\/wp-content\/uploads\/2018\/03\/meliore-servicos-anvisa.png\" class=\"attachment-full size-full\" alt=\"\" loading=\"lazy\" \/><\/div><\/a><div class=\"w-iconbox-meta\"><a class=\"w-iconbox-link\" href=\"https:\/\/www.meliore.com.br\/novosite\/servicos\/regularizacao-sanitaria-de-produtos-anvisa\/\" aria-label=\"Regulariza\u00e7\u00e3o Sanit\u00e1ria de Produtos (ANVISA)\"><h5 class=\"w-iconbox-title\" style=\"font-size:16px;\">Regulariza\u00e7\u00e3o Sanit\u00e1ria de Produtos (ANVISA)<\/h5><\/a><div class=\"w-iconbox-text\"><p>Fabricar ou importar produtos sob o Regime de Vigil\u00e2ncia Sanit\u00e1ria requer sua regulariza\u00e7\u00e3o perante o \u00f3rg\u00e3o&#8230;<\/p>\n<\/div><\/div><\/div><div class=\"w-separator size_custom\" style=\"height:32px;\"><\/div><div class=\"w-btn-wrapper width_auto align_center\"><a class=\"w-btn us-btn-style_4\" href=\"https:\/\/www.meliore.com.br\/novosite\/servicos\/regularizacao-sanitaria-de-produtos-anvisa\/\" style=\"font-size:15px;\"><span class=\"w-btn-label\">SAIBA MAIS<\/span><\/a><\/div><\/div><\/div><\/div><div class=\"vc_col-sm-3 wpb_column vc_column_container\"><div class=\"vc_column-inner\"><div class=\"wpb_wrapper\"><div class=\"w-iconbox iconpos_top style_default color_primary align_center icontype_img\"><a class=\"w-iconbox-link\" href=\"https:\/\/www.meliore.com.br\/novosite\/servicos\/sistema-da-qualidade-boas-praticas-de-fabricacao-distribuicao-transporte-bpx\/\" aria-label=\"Sistema da Qualidade Boas Pr\u00e1ticas de Fabrica\u00e7\u00e3o Distribui\u00e7\u00e3o \/ Transporte (BPx)\"><div class=\"w-iconbox-icon\" style=\"font-size:95px;\"><img width=\"95\" height=\"95\" src=\"https:\/\/www.meliore.com.br\/novosite\/wp-content\/uploads\/2018\/03\/meliore-servicos-qualidade.png\" class=\"attachment-full size-full\" alt=\"\" loading=\"lazy\" \/><\/div><\/a><div class=\"w-iconbox-meta\"><a class=\"w-iconbox-link\" href=\"https:\/\/www.meliore.com.br\/novosite\/servicos\/sistema-da-qualidade-boas-praticas-de-fabricacao-distribuicao-transporte-bpx\/\" aria-label=\"Sistema da Qualidade Boas Pr\u00e1ticas de Fabrica\u00e7\u00e3o Distribui\u00e7\u00e3o \/ Transporte (BPx)\"><h5 class=\"w-iconbox-title\" style=\"font-size:16px;\">Sistema da Qualidade Boas Pr\u00e1ticas de Fabrica\u00e7\u00e3o Distribui\u00e7\u00e3o \/ Transporte (BPx)<\/h5><\/a><div class=\"w-iconbox-text\"><p>Cada empresa tem suas particularidades e realidade que a tornam \u00fanica. Por esse motivo, um bom servi\u00e7o de Consultoria&#8230;<\/p>\n<\/div><\/div><\/div><div class=\"w-separator size_custom\" style=\"height:32px;\"><\/div><div class=\"w-btn-wrapper width_auto align_center\"><a class=\"w-btn us-btn-style_4\" href=\"https:\/\/www.meliore.com.br\/novosite\/servicos\/sistema-da-qualidade-boas-praticas-de-fabricacao-distribuicao-transporte-bpx\/\" style=\"font-size:15px;\"><span class=\"w-btn-label\">SAIBA MAIS<\/span><\/a><\/div><\/div><\/div><\/div><div class=\"vc_col-sm-3 wpb_column vc_column_container\"><div class=\"vc_column-inner\"><div class=\"wpb_wrapper\"><div class=\"w-iconbox iconpos_top style_default color_primary align_center icontype_img\"><a class=\"w-iconbox-link\" href=\"https:\/\/www.meliore.com.br\/novosite\/servicos\/workshops-e-palestras\/\" aria-label=\"Workshops e Palestras\"><div class=\"w-iconbox-icon\" style=\"font-size:95px;\"><img width=\"95\" height=\"95\" src=\"https:\/\/www.meliore.com.br\/novosite\/wp-content\/uploads\/2018\/03\/meliore-servicos-palestras.png\" class=\"attachment-full size-full\" alt=\"\" loading=\"lazy\" \/><\/div><\/a><div class=\"w-iconbox-meta\"><a class=\"w-iconbox-link\" href=\"https:\/\/www.meliore.com.br\/novosite\/servicos\/workshops-e-palestras\/\" aria-label=\"Workshops e Palestras\"><h5 class=\"w-iconbox-title\" style=\"font-size:16px;\">Workshops e Palestras<\/h5><\/a><div class=\"w-iconbox-text\"><p>Tendo em vista nossa Miss\u00e3o de auxiliar as empresas, criamos a Academia Meliore \u2013 nosso bra\u00e7o educacional&#8230;<\/p>\n<\/div><\/div><\/div><div class=\"w-separator size_custom\" style=\"height:32px;\"><\/div><div class=\"w-btn-wrapper width_auto align_center\"><a class=\"w-btn us-btn-style_4\" href=\"https:\/\/www.meliore.com.br\/novosite\/servicos\/workshops-e-palestras\/\" style=\"font-size:15px;\"><span class=\"w-btn-label\">SAIBA MAIS<\/span><\/a><\/div><\/div><\/div><\/div><\/div><\/div><\/section>\n","protected":false},"excerpt":{"rendered":"Nossos servi\u00e7os s\u00e3o ajust\u00e1veis e objetivos, apreciamos e compreendemos as micro e pequenas empresas, bem como a harmonia entre produtividade e conformidade. As normas da ANVISA sobre empresas dos setores regulados ultrapassam a marca das 1.200 vigentes. Exig\u00eancias indispens\u00e1veis para obter e manter empresas e produtos legalizados. Nos concentramos nas repetidas mudan\u00e7as que ocorrem nestes...","protected":false},"author":1,"featured_media":0,"parent":0,"menu_order":0,"comment_status":"closed","ping_status":"closed","template":"","meta":[],"yoast_head":"<!-- This site is optimized with the Yoast SEO plugin v17.1 - https:\/\/yoast.com\/wordpress\/plugins\/seo\/ -->\n<title>Servi\u00e7os - Meliore<\/title>\n<meta name=\"robots\" content=\"index, follow, max-snippet:-1, max-image-preview:large, max-video-preview:-1\" \/>\n<link rel=\"canonical\" href=\"https:\/\/www.meliore.com.br\/novosite\/servicos\/\" \/>\n<meta property=\"og:locale\" content=\"pt_BR\" \/>\n<meta property=\"og:type\" content=\"article\" \/>\n<meta property=\"og:title\" content=\"Servi\u00e7os - Meliore\" \/>\n<meta property=\"og:url\" content=\"https:\/\/www.meliore.com.br\/novosite\/servicos\/\" \/>\n<meta property=\"og:site_name\" content=\"Meliore\" \/>\n<meta property=\"article:modified_time\" content=\"2024-07-23T13:38:14+00:00\" \/>\n<meta name=\"twitter:card\" content=\"summary_large_image\" \/>\n<meta name=\"twitter:label1\" content=\"Est. tempo de leitura\" \/>\n\t<meta name=\"twitter:data1\" content=\"3 minutos\" \/>\n<script type=\"application\/ld+json\" class=\"yoast-schema-graph\">{\"@context\":\"https:\/\/schema.org\",\"@graph\":[{\"@type\":\"WebSite\",\"@id\":\"https:\/\/www.meliore.com.br\/novosite\/#website\",\"url\":\"https:\/\/www.meliore.com.br\/novosite\/\",\"name\":\"Meliore\",\"description\":\"\",\"potentialAction\":[{\"@type\":\"SearchAction\",\"target\":{\"@type\":\"EntryPoint\",\"urlTemplate\":\"https:\/\/www.meliore.com.br\/novosite\/?s={search_term_string}\"},\"query-input\":\"required name=search_term_string\"}],\"inLanguage\":\"pt-BR\"},{\"@type\":\"WebPage\",\"@id\":\"https:\/\/www.meliore.com.br\/novosite\/servicos\/#webpage\",\"url\":\"https:\/\/www.meliore.com.br\/novosite\/servicos\/\",\"name\":\"Servi\\u00e7os - Meliore\",\"isPartOf\":{\"@id\":\"https:\/\/www.meliore.com.br\/novosite\/#website\"},\"datePublished\":\"2018-03-02T16:19:06+00:00\",\"dateModified\":\"2024-07-23T13:38:14+00:00\",\"breadcrumb\":{\"@id\":\"https:\/\/www.meliore.com.br\/novosite\/servicos\/#breadcrumb\"},\"inLanguage\":\"pt-BR\",\"potentialAction\":[{\"@type\":\"ReadAction\",\"target\":[\"https:\/\/www.meliore.com.br\/novosite\/servicos\/\"]}]},{\"@type\":\"BreadcrumbList\",\"@id\":\"https:\/\/www.meliore.com.br\/novosite\/servicos\/#breadcrumb\",\"itemListElement\":[{\"@type\":\"ListItem\",\"position\":1,\"name\":\"In\\u00edcio\",\"item\":\"https:\/\/www.meliore.com.br\/novosite\/\"},{\"@type\":\"ListItem\",\"position\":2,\"name\":\"Servi\\u00e7os\"}]}]}<\/script>\n<!-- \/ Yoast SEO plugin. -->","yoast_head_json":{"title":"Servi\u00e7os - Meliore","robots":{"index":"index","follow":"follow","max-snippet":"max-snippet:-1","max-image-preview":"max-image-preview:large","max-video-preview":"max-video-preview:-1"},"canonical":"https:\/\/www.meliore.com.br\/novosite\/servicos\/","og_locale":"pt_BR","og_type":"article","og_title":"Servi\u00e7os - Meliore","og_url":"https:\/\/www.meliore.com.br\/novosite\/servicos\/","og_site_name":"Meliore","article_modified_time":"2024-07-23T13:38:14+00:00","twitter_card":"summary_large_image","twitter_misc":{"Est. tempo de leitura":"3 minutos"},"schema":{"@context":"https:\/\/schema.org","@graph":[{"@type":"WebSite","@id":"https:\/\/www.meliore.com.br\/novosite\/#website","url":"https:\/\/www.meliore.com.br\/novosite\/","name":"Meliore","description":"","potentialAction":[{"@type":"SearchAction","target":{"@type":"EntryPoint","urlTemplate":"https:\/\/www.meliore.com.br\/novosite\/?s={search_term_string}"},"query-input":"required name=search_term_string"}],"inLanguage":"pt-BR"},{"@type":"WebPage","@id":"https:\/\/www.meliore.com.br\/novosite\/servicos\/#webpage","url":"https:\/\/www.meliore.com.br\/novosite\/servicos\/","name":"Servi\u00e7os - Meliore","isPartOf":{"@id":"https:\/\/www.meliore.com.br\/novosite\/#website"},"datePublished":"2018-03-02T16:19:06+00:00","dateModified":"2024-07-23T13:38:14+00:00","breadcrumb":{"@id":"https:\/\/www.meliore.com.br\/novosite\/servicos\/#breadcrumb"},"inLanguage":"pt-BR","potentialAction":[{"@type":"ReadAction","target":["https:\/\/www.meliore.com.br\/novosite\/servicos\/"]}]},{"@type":"BreadcrumbList","@id":"https:\/\/www.meliore.com.br\/novosite\/servicos\/#breadcrumb","itemListElement":[{"@type":"ListItem","position":1,"name":"In\u00edcio","item":"https:\/\/www.meliore.com.br\/novosite\/"},{"@type":"ListItem","position":2,"name":"Servi\u00e7os"}]}]}},"_links":{"self":[{"href":"https:\/\/www.meliore.com.br\/novosite\/wp-json\/wp\/v2\/pages\/55"}],"collection":[{"href":"https:\/\/www.meliore.com.br\/novosite\/wp-json\/wp\/v2\/pages"}],"about":[{"href":"https:\/\/www.meliore.com.br\/novosite\/wp-json\/wp\/v2\/types\/page"}],"author":[{"embeddable":true,"href":"https:\/\/www.meliore.com.br\/novosite\/wp-json\/wp\/v2\/users\/1"}],"replies":[{"embeddable":true,"href":"https:\/\/www.meliore.com.br\/novosite\/wp-json\/wp\/v2\/comments?post=55"}],"version-history":[{"count":11,"href":"https:\/\/www.meliore.com.br\/novosite\/wp-json\/wp\/v2\/pages\/55\/revisions"}],"predecessor-version":[{"id":2309,"href":"https:\/\/www.meliore.com.br\/novosite\/wp-json\/wp\/v2\/pages\/55\/revisions\/2309"}],"wp:attachment":[{"href":"https:\/\/www.meliore.com.br\/novosite\/wp-json\/wp\/v2\/media?parent=55"}],"curies":[{"name":"wp","href":"https:\/\/api.w.org\/{rel}","templated":true}]}}