{"id":50,"date":"2018-03-02T12:52:03","date_gmt":"2018-03-02T15:52:03","guid":{"rendered":"https:\/\/www.meliore.com.br\/novosite\/?page_id=50"},"modified":"2024-07-20T15:18:25","modified_gmt":"2024-07-20T18:18:25","slug":"quem-somos","status":"publish","type":"page","link":"https:\/\/www.meliore.com.br\/novosite\/quem-somos\/","title":{"rendered":"Quem Somos"},"content":{"rendered":"<section class=\"l-section wpb_row height_medium\"><div class=\"l-section-h i-cf\"><div class=\"g-cols vc_row type_default valign_top\"><div class=\"vc_col-sm-2 wpb_column vc_column_container\"><div class=\"vc_column-inner\"><div class=\"wpb_wrapper\"><\/div><\/div><\/div><div class=\"vc_col-sm-8 wpb_column vc_column_container\"><div class=\"vc_column-inner\"><div class=\"wpb_wrapper\">\r\n\t<div class=\"wpb_text_column \">\r\n\t\t<div class=\"wpb_wrapper\">\r\n\t\t\t<h5 style=\"text-align: center;\">Somos especialistas em Gest\u00e3o da Qualidade, Registros, Notifica\u00e7\u00f5es, Cadastros, Altera\u00e7\u00f5es, Regulariza\u00e7\u00f5es, Certifica\u00e7\u00f5es e demais exig\u00eancias indispens\u00e1veis para manter os neg\u00f3cios legais e seguros.<\/h5>\n\r\n\t\t<\/div>\r\n\t<\/div>\r\n<\/div><\/div><\/div><div class=\"vc_col-sm-2 wpb_column vc_column_container\"><div class=\"vc_column-inner\"><div class=\"wpb_wrapper\"><\/div><\/div><\/div><\/div><\/div><\/section><section class=\"l-section wpb_row height_medium\"><div class=\"l-section-h i-cf\"><div class=\"g-cols vc_row type_default valign_top\"><div class=\"vc_col-sm-12 wpb_column vc_column_container\"><div class=\"vc_column-inner\"><div class=\"wpb_wrapper\">\r\n\t<div class=\"wpb_text_column \">\r\n\t\t<div class=\"wpb_wrapper\">\r\n\t\t\t<ul>\n<li>Atuando no mercado desde 2013, nossa Miss\u00e3o \u00e9 ajudar as empresas a colocar produtos de qualidade no mercado, sempre fundamentados na \u00c9tica, Transpar\u00eancia, Simplicidade, Agilidade e Prestatividade.<\/li>\n<li>Para isso, oferecemos aos nossos clientes, solu\u00e7\u00f5es em:\n<ul>\n<li>Regulariza\u00e7\u00e3o Sanit\u00e1ria de empresas e produtos;<\/li>\n<li>Desenvolvimento, implanta\u00e7\u00e3o e melhoria cont\u00ednua do Sistema da Qualidade e das Boas Pr\u00e1ticas de Fabrica\u00e7\u00e3o, de forma customizada e adaptada \u00e0 realidade de cada empresa;<\/li>\n<li>Capacita\u00e7\u00e3o profissional promovida por cursos, treinamentos e palestras.<\/li>\n<\/ul>\n<\/li>\n<\/ul>\n\r\n\t\t<\/div>\r\n\t<\/div>\r\n<\/div><\/div><\/div><\/div><\/div><\/section><section class=\"l-section wpb_row height_medium color_primary with_img\"><div class=\"l-section-img\" style=\"background-image: url(https:\/\/www.meliore.com.br\/novosite\/wp-content\/uploads\/2018\/03\/meliore-fundo-topo-2.jpg);background-repeat: no-repeat;\" data-img-width=\"1920\" data-img-height=\"405\"><\/div><div class=\"l-section-h i-cf\"><div class=\"g-cols vc_row type_default valign_top\"><div class=\"vc_col-sm-12 wpb_column vc_column_container\"><div class=\"vc_column-inner\"><div class=\"wpb_wrapper\">\r\n\t<div class=\"wpb_text_column \">\r\n\t\t<div class=\"wpb_wrapper\">\r\n\t\t\t<h4 style=\"text-align: center;\">100% de aprova\u00e7\u00e3o<\/h4>\n<p>Al\u00e9m de nosso conhecimento altamente especializado das normas sanit\u00e1rias vigentes, contamos com um hist\u00f3rico de e experi\u00eancias de sucesso junto ao \u00f3rg\u00e3o regulador.<\/p>\n<ul>\n<li>Profissionais com profunda experi\u00eancia em Qualidade, Boas Pr\u00e1ticas de Fabrica\u00e7\u00e3o, Normas Regulat\u00f3rias e Auditorias;<\/li>\n<li>Canais de atendimento r\u00e1pidos e sem burocracia;<\/li>\n<li>Solu\u00e7\u00f5es ajust\u00e1veis a necessidades dos clientes.<\/li>\n<\/ul>\n\r\n\t\t<\/div>\r\n\t<\/div>\r\n<\/div><\/div><\/div><\/div><\/div><\/section><section class=\"l-section wpb_row height_medium\"><div class=\"l-section-h i-cf\"><div class=\"g-cols vc_row type_default valign_top\"><div class=\"vc_col-sm-6 wpb_column vc_column_container\"><div class=\"vc_column-inner\"><div class=\"wpb_wrapper\"><div class=\"w-person layout_simple_circle with_desc with_socials\" itemscope itemtype=\"https:\/\/schema.org\/Person\"><div class=\"w-person-image\"><img width=\"150\" height=\"150\" src=\"https:\/\/www.meliore.com.br\/novosite\/wp-content\/uploads\/2018\/03\/evelise_meliore.jpg\" class=\"attachment-thumbnail size-thumbnail\" alt=\"\" loading=\"lazy\" \/><\/div><div class=\"w-person-content\"><h4 class=\"w-person-name\" itemprop=\"name\"><span>EVELISE CANASSA<\/span><\/h4><div class=\"w-person-role\" itemprop=\"jobTitle\">Fundadora da Meliore<\/div><div class=\"w-person-links\"><div class=\"w-person-links-list\"><a class=\"w-person-links-item\" href=\"https:\/\/www.linkedin.com\/in\/evelisecanassa\/\" target=\"_blank\"><i class=\"fab fa-linkedin-in\"><\/i><\/a><a class=\"w-person-links-item\" href=\"https:\/\/www.instagram.com\/evelise_meliore\/\" target=\"_blank\"><i class=\"fab fa-instagram\"><\/i><\/a><\/div><\/div><div class=\"w-person-description\" itemprop=\"description\">Consultora em Qualidade, Assuntos Regulat\u00f3rios e BPX (Boas Pr\u00e1ticas de Fabrica\u00e7\u00e3o, Funcionamento, Distribui\u00e7\u00e3o e Armazenagem) na Meliore.<\/p>\n<p>Graduada em Farm\u00e1cia Industrial pela UEL, Especialista em Gest\u00e3o da Qualidade pela UNOPAR e Especialista em Administra\u00e7\u00e3o Industrial e Neg\u00f3cios pela UEL. Experi\u00eancia de 13 anos de atua\u00e7\u00e3o em Gest\u00e3o, Lideran\u00e7a, Qualidade, Assuntos Regulat\u00f3rios e BPX aplicados a medicamentos, produtos para sa\u00fade, cosm\u00e9ticos, saneantes, alimentos e bebidas.<\/p>\n<p>Docente da disciplina de Gest\u00e3o da Qualidade na p\u00f3s-gradua\u00e7\u00e3o em Log\u00edstica Internacional na UNIFIL.<\/p>\n<p>Ex-membro efetiva da Comiss\u00e3o de Ind\u00fastria Farmac\u00eautica do CRF-PR, da qual foi Coordenadora durante 7 anos.<\/p>\n<p>Vice-Presidente do ALIS \u2013 Arranjo Londrinense das Ind\u00fastrias da Sa\u00fade e Membro efetiva do GTTPS \u2013 Grupo T\u00e9cnico de Trabalho de Produtos Para a Sa\u00fade do CRF-PR.<\/p>\n<p>Criadora do Blog GQ#DESCOMPLICADA, atual Blog da Meliore.<\/div><\/div><\/div><\/div><\/div><\/div><div class=\"vc_col-sm-6 wpb_column vc_column_container\"><div class=\"vc_column-inner\"><div class=\"wpb_wrapper\"><div class=\"w-person layout_simple_circle with_desc with_socials\" itemscope itemtype=\"https:\/\/schema.org\/Person\"><div class=\"w-person-image\"><img width=\"150\" height=\"150\" src=\"https:\/\/www.meliore.com.br\/novosite\/wp-content\/uploads\/2020\/05\/talita-150x150.jpg\" class=\"attachment-thumbnail size-thumbnail\" alt=\"\" loading=\"lazy\" srcset=\"https:\/\/www.meliore.com.br\/novosite\/wp-content\/uploads\/2020\/05\/talita-150x150.jpg 150w, https:\/\/www.meliore.com.br\/novosite\/wp-content\/uploads\/2020\/05\/talita-350x350.jpg 350w, https:\/\/www.meliore.com.br\/novosite\/wp-content\/uploads\/2020\/05\/talita-600x600.jpg 600w\" sizes=\"(max-width: 150px) 100vw, 150px\" \/><\/div><div class=\"w-person-content\"><h4 class=\"w-person-name\" itemprop=\"name\"><span>TALITA ALVES DA CRUZ ULIANI<\/span><\/h4><div class=\"w-person-role\" itemprop=\"jobTitle\">S\u00f3cia da Meliore<\/div><div class=\"w-person-links\"><div class=\"w-person-links-list\"><a class=\"w-person-links-item\" href=\"https:\/\/br.linkedin.com\/in\/talita-alves-da-cruz-uliani-b9785156\" target=\"_blank\"><i class=\"fab fa-linkedin-in\"><\/i><\/a><\/div><\/div><div class=\"w-person-description\" itemprop=\"description\">Consultora em Qualidade, Boas Pr\u00e1ticas de Fabrica\u00e7\u00e3o e Assuntos Regulat\u00f3rios na Meliore.<\/p>\n<p>Graduada em Farm\u00e1cia Generalista pela UEL, Especialista em Gest\u00e3o da Qualidade pela UNOPAR. Experi\u00eancia de 10 anos de atua\u00e7\u00e3o em Gest\u00e3o, Qualidade, Boas Pr\u00e1ticas de Fabrica\u00e7\u00e3o, Distribui\u00e7\u00e3o e Armazenagem, Assuntos Regulat\u00f3rios e Lideran\u00e7a aplicados a medicamentos, produtos para sa\u00fade, cosm\u00e9ticos e alimentos.<\/p>\n<p>Ao longo desses anos atuou no desenvolvimento do sistema da qualidade, elaborando procedimentos, ministrando diversos treinamentos, realizando valida\u00e7\u00f5es e qualifica\u00e7\u00f5es, auditorias internas e externas e tamb\u00e9m a condu\u00e7\u00e3o bem sucedida de auditorias regulat\u00f3rias e de clientes.<\/div><\/div><\/div><\/div><\/div><\/div><\/div><\/div><\/section><section class=\"l-section wpb_row height_medium\"><div class=\"l-section-h i-cf\"><div class=\"g-cols vc_row type_default valign_top\"><div class=\"vc_col-sm-12 wpb_column vc_column_container\"><div class=\"vc_column-inner\"><div class=\"wpb_wrapper\"><\/div><\/div><\/div><\/div><\/div><\/section>\n","protected":false},"excerpt":{"rendered":"Somos especialistas em Gest\u00e3o da Qualidade, Registros, Notifica\u00e7\u00f5es, Cadastros, Altera\u00e7\u00f5es, Regulariza\u00e7\u00f5es, Certifica\u00e7\u00f5es e demais exig\u00eancias indispens\u00e1veis para manter os neg\u00f3cios legais e seguros. Atuando no mercado desde 2013, nossa Miss\u00e3o \u00e9 ajudar as empresas a colocar produtos de qualidade no mercado, sempre fundamentados na \u00c9tica, Transpar\u00eancia, Simplicidade, Agilidade e Prestatividade. Para isso, oferecemos aos nossos...","protected":false},"author":1,"featured_media":0,"parent":0,"menu_order":0,"comment_status":"closed","ping_status":"closed","template":"","meta":[],"yoast_head":"<!-- This site is optimized with the Yoast SEO plugin v17.1 - https:\/\/yoast.com\/wordpress\/plugins\/seo\/ -->\n<title>Quem Somos - Meliore<\/title>\n<meta name=\"description\" content=\"Nos somos a Meliore, empresa de consultoria especializada em Gest\u00e3o da Qualidade, Registros, Notifica\u00e7\u00f5es, Cadastros, Altera\u00e7\u00f5es, Regulariza\u00e7\u00f5es, Certifica\u00e7\u00f5es e demais exig\u00eancias indispens\u00e1veis para manter os neg\u00f3cios legais e seguros.\" \/>\n<meta name=\"robots\" content=\"index, follow, max-snippet:-1, max-image-preview:large, max-video-preview:-1\" \/>\n<link rel=\"canonical\" href=\"https:\/\/www.meliore.com.br\/novosite\/quem-somos\/\" \/>\n<meta property=\"og:locale\" content=\"pt_BR\" \/>\n<meta property=\"og:type\" content=\"article\" \/>\n<meta property=\"og:title\" content=\"Quem Somos - Meliore\" \/>\n<meta property=\"og:description\" content=\"Nos somos a Meliore, empresa de consultoria especializada em Gest\u00e3o da Qualidade, Registros, Notifica\u00e7\u00f5es, Cadastros, Altera\u00e7\u00f5es, Regulariza\u00e7\u00f5es, Certifica\u00e7\u00f5es e demais exig\u00eancias indispens\u00e1veis para manter os neg\u00f3cios legais e seguros.\" \/>\n<meta property=\"og:url\" content=\"https:\/\/www.meliore.com.br\/novosite\/quem-somos\/\" \/>\n<meta property=\"og:site_name\" content=\"Meliore\" \/>\n<meta property=\"article:modified_time\" content=\"2024-07-20T18:18:25+00:00\" \/>\n<meta name=\"twitter:card\" content=\"summary_large_image\" \/>\n<meta name=\"twitter:label1\" content=\"Est. tempo de leitura\" \/>\n\t<meta name=\"twitter:data1\" content=\"2 minutos\" \/>\n<script type=\"application\/ld+json\" class=\"yoast-schema-graph\">{\"@context\":\"https:\/\/schema.org\",\"@graph\":[{\"@type\":\"WebSite\",\"@id\":\"https:\/\/www.meliore.com.br\/novosite\/#website\",\"url\":\"https:\/\/www.meliore.com.br\/novosite\/\",\"name\":\"Meliore\",\"description\":\"\",\"potentialAction\":[{\"@type\":\"SearchAction\",\"target\":{\"@type\":\"EntryPoint\",\"urlTemplate\":\"https:\/\/www.meliore.com.br\/novosite\/?s={search_term_string}\"},\"query-input\":\"required name=search_term_string\"}],\"inLanguage\":\"pt-BR\"},{\"@type\":\"WebPage\",\"@id\":\"https:\/\/www.meliore.com.br\/novosite\/quem-somos\/#webpage\",\"url\":\"https:\/\/www.meliore.com.br\/novosite\/quem-somos\/\",\"name\":\"Quem Somos - Meliore\",\"isPartOf\":{\"@id\":\"https:\/\/www.meliore.com.br\/novosite\/#website\"},\"datePublished\":\"2018-03-02T15:52:03+00:00\",\"dateModified\":\"2024-07-20T18:18:25+00:00\",\"description\":\"Nos somos a Meliore, empresa de consultoria especializada em Gest\\u00e3o da Qualidade, Registros, Notifica\\u00e7\\u00f5es, Cadastros, Altera\\u00e7\\u00f5es, Regulariza\\u00e7\\u00f5es, Certifica\\u00e7\\u00f5es e demais exig\\u00eancias indispens\\u00e1veis para manter os neg\\u00f3cios legais e seguros.\",\"breadcrumb\":{\"@id\":\"https:\/\/www.meliore.com.br\/novosite\/quem-somos\/#breadcrumb\"},\"inLanguage\":\"pt-BR\",\"potentialAction\":[{\"@type\":\"ReadAction\",\"target\":[\"https:\/\/www.meliore.com.br\/novosite\/quem-somos\/\"]}]},{\"@type\":\"BreadcrumbList\",\"@id\":\"https:\/\/www.meliore.com.br\/novosite\/quem-somos\/#breadcrumb\",\"itemListElement\":[{\"@type\":\"ListItem\",\"position\":1,\"name\":\"In\\u00edcio\",\"item\":\"https:\/\/www.meliore.com.br\/novosite\/\"},{\"@type\":\"ListItem\",\"position\":2,\"name\":\"Quem Somos\"}]}]}<\/script>\n<!-- \/ Yoast SEO plugin. -->","yoast_head_json":{"title":"Quem Somos - Meliore","description":"Nos somos a Meliore, empresa de consultoria especializada em Gest\u00e3o da Qualidade, Registros, Notifica\u00e7\u00f5es, Cadastros, Altera\u00e7\u00f5es, Regulariza\u00e7\u00f5es, Certifica\u00e7\u00f5es e demais exig\u00eancias indispens\u00e1veis para manter os neg\u00f3cios legais e seguros.","robots":{"index":"index","follow":"follow","max-snippet":"max-snippet:-1","max-image-preview":"max-image-preview:large","max-video-preview":"max-video-preview:-1"},"canonical":"https:\/\/www.meliore.com.br\/novosite\/quem-somos\/","og_locale":"pt_BR","og_type":"article","og_title":"Quem Somos - Meliore","og_description":"Nos somos a Meliore, empresa de consultoria especializada em Gest\u00e3o da Qualidade, Registros, Notifica\u00e7\u00f5es, Cadastros, Altera\u00e7\u00f5es, Regulariza\u00e7\u00f5es, Certifica\u00e7\u00f5es e demais exig\u00eancias indispens\u00e1veis para manter os neg\u00f3cios legais e seguros.","og_url":"https:\/\/www.meliore.com.br\/novosite\/quem-somos\/","og_site_name":"Meliore","article_modified_time":"2024-07-20T18:18:25+00:00","twitter_card":"summary_large_image","twitter_misc":{"Est. tempo de leitura":"2 minutos"},"schema":{"@context":"https:\/\/schema.org","@graph":[{"@type":"WebSite","@id":"https:\/\/www.meliore.com.br\/novosite\/#website","url":"https:\/\/www.meliore.com.br\/novosite\/","name":"Meliore","description":"","potentialAction":[{"@type":"SearchAction","target":{"@type":"EntryPoint","urlTemplate":"https:\/\/www.meliore.com.br\/novosite\/?s={search_term_string}"},"query-input":"required name=search_term_string"}],"inLanguage":"pt-BR"},{"@type":"WebPage","@id":"https:\/\/www.meliore.com.br\/novosite\/quem-somos\/#webpage","url":"https:\/\/www.meliore.com.br\/novosite\/quem-somos\/","name":"Quem Somos - Meliore","isPartOf":{"@id":"https:\/\/www.meliore.com.br\/novosite\/#website"},"datePublished":"2018-03-02T15:52:03+00:00","dateModified":"2024-07-20T18:18:25+00:00","description":"Nos somos a Meliore, empresa de consultoria especializada em Gest\u00e3o da Qualidade, Registros, Notifica\u00e7\u00f5es, Cadastros, Altera\u00e7\u00f5es, Regulariza\u00e7\u00f5es, Certifica\u00e7\u00f5es e demais exig\u00eancias indispens\u00e1veis para manter os neg\u00f3cios legais e seguros.","breadcrumb":{"@id":"https:\/\/www.meliore.com.br\/novosite\/quem-somos\/#breadcrumb"},"inLanguage":"pt-BR","potentialAction":[{"@type":"ReadAction","target":["https:\/\/www.meliore.com.br\/novosite\/quem-somos\/"]}]},{"@type":"BreadcrumbList","@id":"https:\/\/www.meliore.com.br\/novosite\/quem-somos\/#breadcrumb","itemListElement":[{"@type":"ListItem","position":1,"name":"In\u00edcio","item":"https:\/\/www.meliore.com.br\/novosite\/"},{"@type":"ListItem","position":2,"name":"Quem Somos"}]}]}},"_links":{"self":[{"href":"https:\/\/www.meliore.com.br\/novosite\/wp-json\/wp\/v2\/pages\/50"}],"collection":[{"href":"https:\/\/www.meliore.com.br\/novosite\/wp-json\/wp\/v2\/pages"}],"about":[{"href":"https:\/\/www.meliore.com.br\/novosite\/wp-json\/wp\/v2\/types\/page"}],"author":[{"embeddable":true,"href":"https:\/\/www.meliore.com.br\/novosite\/wp-json\/wp\/v2\/users\/1"}],"replies":[{"embeddable":true,"href":"https:\/\/www.meliore.com.br\/novosite\/wp-json\/wp\/v2\/comments?post=50"}],"version-history":[{"count":14,"href":"https:\/\/www.meliore.com.br\/novosite\/wp-json\/wp\/v2\/pages\/50\/revisions"}],"predecessor-version":[{"id":2302,"href":"https:\/\/www.meliore.com.br\/novosite\/wp-json\/wp\/v2\/pages\/50\/revisions\/2302"}],"wp:attachment":[{"href":"https:\/\/www.meliore.com.br\/novosite\/wp-json\/wp\/v2\/media?parent=50"}],"curies":[{"name":"wp","href":"https:\/\/api.w.org\/{rel}","templated":true}]}}