{"id":2090,"date":"2018-09-14T22:26:31","date_gmt":"2018-09-15T01:26:31","guid":{"rendered":"https:\/\/www.meliore.com.br\/novosite\/?page_id=2090"},"modified":"2024-07-20T15:18:28","modified_gmt":"2024-07-20T18:18:28","slug":"grau-de-risco-na-anvisa","status":"publish","type":"page","link":"https:\/\/www.meliore.com.br\/novosite\/grau-de-risco-na-anvisa\/","title":{"rendered":"Grau de Risco na Anvisa"},"content":{"rendered":"<section class=\"l-section wpb_row height_medium\"><div class=\"l-section-h i-cf\"><div class=\"g-cols vc_row type_default valign_top\"><div class=\"vc_col-sm-12 wpb_column vc_column_container\"><div class=\"vc_column-inner\"><div class=\"wpb_wrapper\">\r\n\t<div class=\"wpb_text_column \">\r\n\t\t<div class=\"wpb_wrapper\">\r\n\t\t\t<p>Preencha os dados da empresa no formul\u00e1rio abaixo para receber mais informa\u00e7\u00f5es sobre o Grau de Risco da atividade econ\u00f4mica, segundo os crit\u00e9rios da ANVISA.<\/p>\n\r\n\t\t<\/div>\r\n\t<\/div>\r\n<div class=\"w-separator size_small with_line width_default thick_1 style_solid color_border align_center\"><div class=\"w-separator-h\"><\/div><\/div>\n                <div class='gf_browser_gecko gform_wrapper' id='gform_wrapper_4' ><form method='post' enctype='multipart\/form-data'  id='gform_4'  action='\/novosite\/wp-json\/wp\/v2\/pages\/2090'>\n                        <div class='gform_body'><ul id='gform_fields_4' class='gform_fields top_label form_sublabel_below description_below'><li id='field_4_1'  class='gfield gfield_contains_required field_sublabel_below field_description_below gfield_visibility_visible' ><label class='gfield_label' for='input_4_1' >Nome da empresa<span class='gfield_required'>*<\/span><\/label><div class='ginput_container ginput_container_text'><input name='input_1' id='input_4_1' type='text' value='' class='large' maxlength='200'    aria-required=\"true\" aria-invalid=\"false\" \/><\/div><\/li><li id='field_4_2'  class='gfield gfield_contains_required field_sublabel_below field_description_below gfield_visibility_visible' ><label class='gfield_label' for='input_4_2' >CNPJ<span class='gfield_required'>*<\/span><\/label><div class='ginput_container ginput_container_text'><input name='input_2' id='input_4_2' type='text' value='' class='medium'     aria-required=\"true\" aria-invalid=\"false\" \/><\/div><\/li><li id='field_4_3'  class='gfield gfield_contains_required field_sublabel_below field_description_below gfield_visibility_visible' ><label class='gfield_label' for='input_4_3' >Ramo de atividade<span class='gfield_required'>*<\/span><\/label><div class='ginput_container ginput_container_select'><select name='input_3' id='input_4_3' class='large gfield_select'   aria-required=\"true\" aria-invalid=\"false\"><option value='Cosm\u00e9ticos' >Cosm\u00e9ticos<\/option><option value='Saneantes Domissanit\u00e1rios' >Saneantes Domissanit\u00e1rios<\/option><option value='Medicamentos' >Medicamentos<\/option><option value='Produtos para sa\u00fade' >Produtos para sa\u00fade<\/option><\/select><\/div><\/li><li id='field_4_5'  class='gfield gfield_contains_required field_sublabel_below field_description_below gfield_visibility_visible' ><label class='gfield_label' for='input_4_5' >E-mail<span class='gfield_required'>*<\/span><\/label><div class='ginput_container ginput_container_email'>\n                            <input name='input_5' id='input_4_5' type='text' value='' class='medium'    aria-required=\"true\" aria-invalid=\"false\" \/>\n                        <\/div><\/li><li id='field_4_6'  class='gfield field_sublabel_below field_description_below gfield_visibility_visible' ><label class='gfield_label' for='input_4_6' >Coment\u00e1rios<\/label><div class='ginput_container ginput_container_textarea'><textarea name='input_6' id='input_4_6' class='textarea medium'  aria-describedby=\"gfield_description_4_6\" maxlength='800'   aria-invalid=\"false\"   rows='10' cols='50'><\/textarea><\/div><div class='gfield_description' id='gfield_description_4_6'>Digite aqui outras informa\u00e7\u00f5es que julgar importantes sobre a natureza do neg\u00f3cio e a empresa.<\/div><\/li><li id='field_4_7'  class='gfield gform_validation_container field_sublabel_below field_description_below gfield_visibility_visible' ><label class='gfield_label' for='input_4_7' >Email<\/label><div class='ginput_container'><input name='input_7' id='input_4_7' type='text' value='' \/><\/div><div class='gfield_description' id='gfield_description__7'>Este campo \u00e9 para fins de valida\u00e7\u00e3o e n\u00e3o deve ser alterado.<\/div><\/li>\n                            <\/ul><\/div>\n        <div class='gform_footer top_label'> <input type='submit' id='gform_submit_button_4' class='gform_button button' value='Enviar'  onclick='if(window[\"gf_submitting_4\"]){return false;}  window[\"gf_submitting_4\"]=true;  ' onkeypress='if( event.keyCode == 13 ){ if(window[\"gf_submitting_4\"]){return false;} window[\"gf_submitting_4\"]=true;  jQuery(\"#gform_4\").trigger(\"submit\",[true]); }' \/> \n            <input type='hidden' class='gform_hidden' name='is_submit_4' value='1' \/>\n            <input type='hidden' class='gform_hidden' name='gform_submit' value='4' \/>\n            \n            <input type='hidden' class='gform_hidden' name='gform_unique_id' value='' \/>\n            <input type='hidden' class='gform_hidden' name='state_4' value='WyJbXSIsIjMyODY4MmViMWZmNWEzNzczZjMxYTMwMGMwMGYxNDdmIl0=' \/>\n            <input type='hidden' class='gform_hidden' name='gform_target_page_number_4' id='gform_target_page_number_4' value='0' \/>\n            <input type='hidden' class='gform_hidden' name='gform_source_page_number_4' id='gform_source_page_number_4' value='1' \/>\n            <input type='hidden' name='gform_field_values' value='' \/>\n            \n        <\/div>\n                        <\/form>\n                        <\/div><script type='text\/javascript'> jQuery(document).bind('gform_post_render', function(event, formId, currentPage){if(formId == 4) {if(!jQuery('#input_4_1+.ginput_counter').length){jQuery('#input_4_1').textareaCount(    {'maxCharacterSize': 200,    'originalStyle': 'ginput_counter',\t 'truncate': true,\t 'errorStyle' : '',    'displayFormat' : '#input de #max m\u00e1x. de caracteres'    });jQuery('input_4_1').next('.ginput_counter').attr('aria-live','polite');}if(!jQuery('#input_4_6+.ginput_counter').length){jQuery('#input_4_6').textareaCount(    {'maxCharacterSize': 800,    'originalStyle': 'ginput_counter',\t 'truncate': true,\t 'errorStyle' : '',    'displayFormat' : '#input de #max m\u00e1x. de caracteres'    });jQuery('input_4_6').next('.ginput_counter').attr('aria-live','polite');}jQuery('#input_4_2').mask('99.999.999\/9999-99').bind('keypress', function(e){if(e.which == 13){jQuery(this).blur();} } );} } );jQuery(document).bind('gform_post_conditional_logic', function(event, formId, fields, isInit){} );<\/script><script type='text\/javascript'> jQuery(document).ready(function(){jQuery(document).trigger('gform_post_render', [4, 1]) } ); <\/script><\/div><\/div><\/div><\/div><\/div><\/section>\n","protected":false},"excerpt":{"rendered":"Preencha os dados da empresa no formul\u00e1rio abaixo para receber mais informa\u00e7\u00f5es sobre o Grau de Risco da atividade econ\u00f4mica, segundo os crit\u00e9rios da ANVISA. Nome da empresa*CNPJ*Ramo de atividade*Cosm\u00e9ticosSaneantes Domissanit\u00e1riosMedicamentosProdutos para sa\u00fadeE-mail* Coment\u00e1riosDigite aqui outras informa\u00e7\u00f5es que julgar importantes sobre a natureza do neg\u00f3cio e a empresa.CommentsEste campo \u00e9 para fins de valida\u00e7\u00e3o e...","protected":false},"author":2,"featured_media":0,"parent":0,"menu_order":0,"comment_status":"closed","ping_status":"closed","template":"","meta":[],"yoast_head":"<!-- This site is optimized with the Yoast SEO plugin v17.1 - https:\/\/yoast.com\/wordpress\/plugins\/seo\/ -->\n<title>Grau de Risco na Anvisa - Meliore<\/title>\n<meta name=\"robots\" content=\"index, follow, max-snippet:-1, max-image-preview:large, max-video-preview:-1\" \/>\n<link rel=\"canonical\" href=\"https:\/\/www.meliore.com.br\/novosite\/grau-de-risco-na-anvisa\/\" \/>\n<meta property=\"og:locale\" content=\"pt_BR\" \/>\n<meta property=\"og:type\" content=\"article\" \/>\n<meta property=\"og:title\" content=\"Grau de Risco na Anvisa - Meliore\" \/>\n<meta property=\"og:url\" content=\"https:\/\/www.meliore.com.br\/novosite\/grau-de-risco-na-anvisa\/\" \/>\n<meta property=\"og:site_name\" content=\"Meliore\" \/>\n<meta property=\"article:modified_time\" content=\"2024-07-20T18:18:28+00:00\" \/>\n<meta name=\"twitter:card\" content=\"summary_large_image\" \/>\n<script type=\"application\/ld+json\" class=\"yoast-schema-graph\">{\"@context\":\"https:\/\/schema.org\",\"@graph\":[{\"@type\":\"WebSite\",\"@id\":\"https:\/\/www.meliore.com.br\/novosite\/#website\",\"url\":\"https:\/\/www.meliore.com.br\/novosite\/\",\"name\":\"Meliore\",\"description\":\"\",\"potentialAction\":[{\"@type\":\"SearchAction\",\"target\":{\"@type\":\"EntryPoint\",\"urlTemplate\":\"https:\/\/www.meliore.com.br\/novosite\/?s={search_term_string}\"},\"query-input\":\"required name=search_term_string\"}],\"inLanguage\":\"pt-BR\"},{\"@type\":\"WebPage\",\"@id\":\"https:\/\/www.meliore.com.br\/novosite\/grau-de-risco-na-anvisa\/#webpage\",\"url\":\"https:\/\/www.meliore.com.br\/novosite\/grau-de-risco-na-anvisa\/\",\"name\":\"Grau de Risco na Anvisa - Meliore\",\"isPartOf\":{\"@id\":\"https:\/\/www.meliore.com.br\/novosite\/#website\"},\"datePublished\":\"2018-09-15T01:26:31+00:00\",\"dateModified\":\"2024-07-20T18:18:28+00:00\",\"breadcrumb\":{\"@id\":\"https:\/\/www.meliore.com.br\/novosite\/grau-de-risco-na-anvisa\/#breadcrumb\"},\"inLanguage\":\"pt-BR\",\"potentialAction\":[{\"@type\":\"ReadAction\",\"target\":[\"https:\/\/www.meliore.com.br\/novosite\/grau-de-risco-na-anvisa\/\"]}]},{\"@type\":\"BreadcrumbList\",\"@id\":\"https:\/\/www.meliore.com.br\/novosite\/grau-de-risco-na-anvisa\/#breadcrumb\",\"itemListElement\":[{\"@type\":\"ListItem\",\"position\":1,\"name\":\"In\\u00edcio\",\"item\":\"https:\/\/www.meliore.com.br\/novosite\/\"},{\"@type\":\"ListItem\",\"position\":2,\"name\":\"Grau de Risco na Anvisa\"}]}]}<\/script>\n<!-- \/ Yoast SEO plugin. -->","yoast_head_json":{"title":"Grau de Risco na Anvisa - Meliore","robots":{"index":"index","follow":"follow","max-snippet":"max-snippet:-1","max-image-preview":"max-image-preview:large","max-video-preview":"max-video-preview:-1"},"canonical":"https:\/\/www.meliore.com.br\/novosite\/grau-de-risco-na-anvisa\/","og_locale":"pt_BR","og_type":"article","og_title":"Grau de Risco na Anvisa - Meliore","og_url":"https:\/\/www.meliore.com.br\/novosite\/grau-de-risco-na-anvisa\/","og_site_name":"Meliore","article_modified_time":"2024-07-20T18:18:28+00:00","twitter_card":"summary_large_image","schema":{"@context":"https:\/\/schema.org","@graph":[{"@type":"WebSite","@id":"https:\/\/www.meliore.com.br\/novosite\/#website","url":"https:\/\/www.meliore.com.br\/novosite\/","name":"Meliore","description":"","potentialAction":[{"@type":"SearchAction","target":{"@type":"EntryPoint","urlTemplate":"https:\/\/www.meliore.com.br\/novosite\/?s={search_term_string}"},"query-input":"required name=search_term_string"}],"inLanguage":"pt-BR"},{"@type":"WebPage","@id":"https:\/\/www.meliore.com.br\/novosite\/grau-de-risco-na-anvisa\/#webpage","url":"https:\/\/www.meliore.com.br\/novosite\/grau-de-risco-na-anvisa\/","name":"Grau de Risco na Anvisa - Meliore","isPartOf":{"@id":"https:\/\/www.meliore.com.br\/novosite\/#website"},"datePublished":"2018-09-15T01:26:31+00:00","dateModified":"2024-07-20T18:18:28+00:00","breadcrumb":{"@id":"https:\/\/www.meliore.com.br\/novosite\/grau-de-risco-na-anvisa\/#breadcrumb"},"inLanguage":"pt-BR","potentialAction":[{"@type":"ReadAction","target":["https:\/\/www.meliore.com.br\/novosite\/grau-de-risco-na-anvisa\/"]}]},{"@type":"BreadcrumbList","@id":"https:\/\/www.meliore.com.br\/novosite\/grau-de-risco-na-anvisa\/#breadcrumb","itemListElement":[{"@type":"ListItem","position":1,"name":"In\u00edcio","item":"https:\/\/www.meliore.com.br\/novosite\/"},{"@type":"ListItem","position":2,"name":"Grau de Risco na Anvisa"}]}]}},"_links":{"self":[{"href":"https:\/\/www.meliore.com.br\/novosite\/wp-json\/wp\/v2\/pages\/2090"}],"collection":[{"href":"https:\/\/www.meliore.com.br\/novosite\/wp-json\/wp\/v2\/pages"}],"about":[{"href":"https:\/\/www.meliore.com.br\/novosite\/wp-json\/wp\/v2\/types\/page"}],"author":[{"embeddable":true,"href":"https:\/\/www.meliore.com.br\/novosite\/wp-json\/wp\/v2\/users\/2"}],"replies":[{"embeddable":true,"href":"https:\/\/www.meliore.com.br\/novosite\/wp-json\/wp\/v2\/comments?post=2090"}],"version-history":[{"count":4,"href":"https:\/\/www.meliore.com.br\/novosite\/wp-json\/wp\/v2\/pages\/2090\/revisions"}],"predecessor-version":[{"id":2306,"href":"https:\/\/www.meliore.com.br\/novosite\/wp-json\/wp\/v2\/pages\/2090\/revisions\/2306"}],"wp:attachment":[{"href":"https:\/\/www.meliore.com.br\/novosite\/wp-json\/wp\/v2\/media?parent=2090"}],"curies":[{"name":"wp","href":"https:\/\/api.w.org\/{rel}","templated":true}]}}